{"id":97,"date":"2025-07-03T15:07:28","date_gmt":"2025-07-03T13:07:28","guid":{"rendered":"https:\/\/k-lago.beebox.de\/restaurant\/?page_id=97"},"modified":"2026-03-08T11:41:20","modified_gmt":"2026-03-08T10:41:20","slug":"news-events","status":"publish","type":"page","link":"https:\/\/k-lago.beebox.de\/restaurant\/news-events\/","title":{"rendered":"News+Events"},"content":{"rendered":"\n<div class=\"et_pb_section_0 et_pb_section et_pb_fullwidth_section et_section_regular et_block_section\"><section class=\"et_pb_fullwidth_header_0 et_pb_fullwidth_header et_pb_fullscreen et_pb_bg_layout_dark et_pb_text_align_center et_pb_section_parallax et_pb_module et_flex_module\"><span class=\"et-pb-parallax-wrapper\"><span class=\"et-pb-parallax-background et-pb-parallax-background-module--divi-fullwidth-header-0\" style=\"background-image:url(https:\/\/k-lago.beebox.de\/restaurant\/wp-content\/uploads\/2025\/07\/Pexels-660266-Stockenten-auf-See-Aidan-Jarret-B1920xH1080px.jpg)\"><\/span><\/span><div class=\"et_pb_fullwidth_header_container center\"><div class=\"header-content-container center\"><div class=\"header-content et_flex_module\"><h1 class=\"et_pb_module_header\">News und Events vom See<\/h1><div class=\"et_pb_header_button_wrapper\"><a class=\"et_pb_button et_pb_more_button et_pb_button_one\" href=\"#news\">Veranstaltungen im Seepark<\/a><a class=\"et_pb_button et_pb_more_button et_pb_button_two\" href=\"#jobs\">Stellenangebote im Lago<\/a><\/div><\/div><\/div><\/div><div class=\"et_pb_fullwidth_header_overlay\"><\/div><div class=\"et_pb_fullwidth_header_scroll\"><a class=\"scroll-down-container\" href=\"#\"><span class=\"scroll-down et-pb-icon\">;<\/span><\/a><\/div><\/section><\/div><div class=\"et_pb_section_1 et_pb_section et_section_regular et_block_section\" id=\"news\"><div class=\"et_pb_row_0 et_pb_row et_pb_gutters2 et_block_row\"><div class=\"et_pb_column_0 et_pb_column et_pb_column_3_5 et_block_column et_pb_css_mix_blend_mode_passthrough\"><div class=\"et_pb_text_0 et_pb_text et_pb_bg_layout_light et_pb_module et_block_module\"><div class=\"et_pb_text_inner\"><h1>Das zwitschern die Spatzen von den D\u00e4chern \u2013\u00a0 und quaken die Enten vom See:<\/h1>\n<\/div><\/div><\/div><div class=\"et_pb_column_1 et_pb_column et_pb_column_2_5 et-last-child et_block_column et_pb_css_mix_blend_mode_passthrough\"><div class=\"et_pb_text_1 et_pb_text et_pb_bg_layout_light et_pb_module et_block_module\"><div class=\"et_pb_text_inner\"><p>Im Freiburger Seepark, rund um den Fl\u00fcckigersee, ist immer etwas geboten. Das ist die beste Gelegenheit sich vor, nach oder w\u00e4hrend des Events im Lago zu treffen. Und denken Sie daran, rechtzeitig Ihren <a href=\"https:\/\/k-lago.beebox.de\/restaurant\/kontakt-anfahrt\/#sektion-reservierung\"><strong>Platz zu reservieren<\/strong><\/a>.<\/p>\n<\/div><\/div><\/div><\/div><div class=\"et_pb_row_1 et_pb_row et_block_row\"><div class=\"et_pb_column_2 et_pb_column et_pb_column_2_5 et_block_column et_pb_css_mix_blend_mode_passthrough\"><div class=\"et_pb_module et_d4_element et_pb_image et_pb_image_0\">\n\t\t\t\t\n\t\t\t\t\n\t\t\t\t\n\t\t\t\t\n\t\t\t\t<span class=\"et_pb_image_wrap \"><img loading=\"lazy\" decoding=\"async\" width=\"1920\" height=\"1080\" src=\"https:\/\/k-lago.beebox.de\/restaurant\/wp-content\/uploads\/2025\/07\/Beebox-Banksy-Balloon-Girl-Graffiti-on-Brick-Wall-B1920xH1080px.jpg\" alt=\"Girl with red balloon - Graffity von Banksy auf Backsteinwand\" title=\"Girl with red balloon - Graffity von Banksy auf Backsteinwand\" srcset=\"https:\/\/k-lago.beebox.de\/restaurant\/wp-content\/uploads\/2025\/07\/Beebox-Banksy-Balloon-Girl-Graffiti-on-Brick-Wall-B1920xH1080px.jpg 1920w, https:\/\/k-lago.beebox.de\/restaurant\/wp-content\/uploads\/2025\/07\/Beebox-Banksy-Balloon-Girl-Graffiti-on-Brick-Wall-B1920xH1080px-1280x720.jpg 1280w, https:\/\/k-lago.beebox.de\/restaurant\/wp-content\/uploads\/2025\/07\/Beebox-Banksy-Balloon-Girl-Graffiti-on-Brick-Wall-B1920xH1080px-980x551.jpg 980w, https:\/\/k-lago.beebox.de\/restaurant\/wp-content\/uploads\/2025\/07\/Beebox-Banksy-Balloon-Girl-Graffiti-on-Brick-Wall-B1920xH1080px-480x270.jpg 480w\" sizes=\"(min-width: 0px) and (max-width: 480px) 480px, (min-width: 481px) and (max-width: 980px) 980px, (min-width: 981px) and (max-width: 1280px) 1280px, (min-width: 1281px) 1920px, 100vw\" class=\"wp-image-1135\" \/><\/span>\n\t\t\t<\/div><\/div><div class=\"et_pb_column_3 et_pb_column et_pb_column_3_5 et-last-child et_block_column et_pb_css_mix_blend_mode_passthrough\"><div class=\"et_pb_text_2 et_pb_text et_pb_bg_layout_light et_pb_module et_block_module\"><div class=\"et_pb_text_inner\"><h4>Ausstellung<\/h4>\n<h2>Banksy im Lago<\/h2>\n<p>Anl\u00e4sslich der gro\u00dfen Ausstellung \u201eThe Mystery of Banksy \u2013 A Genius Mind\u201c in der Freiburger Messe freuen wir uns, auch unseren G\u00e4sten im Lago Werke vom anonymen jedoch weltbekannten Graffiti-K\u00fcnstler und Street-Art-Superstar aus Bristol (England) pr\u00e4sentieren zu k\u00f6nnen.<\/p>\n<p>Erfahren Sie mehr \u00fcber die <a href=\"https:\/\/mystery-banksy.com\/freiburg\/\" target=\"_blank\" rel=\"noopener\"><strong>Banksy-Ausstellung<\/strong>.<\/a><\/p>\n<\/div><\/div><\/div><\/div><div class=\"et_pb_row_2 et_pb_row et_block_row\"><div class=\"et_pb_column_4 et_pb_column et_pb_column_2_5 et_block_column et_pb_css_mix_blend_mode_passthrough\"><?xml version=\"1.0\" encoding=\"UTF-8\"?><div class=\"et_pb_module et_d4_element et_pb_image et_pb_image_1\">\n\t\t\t\t\n\t\t\t\t\n\t\t\t\t\n\t\t\t\t\n\t\t\t\t<span class=\"et_pb_image_wrap \"><img loading=\"lazy\" decoding=\"async\" width=\"1920\" height=\"1080\" src=\"https:\/\/k-lago.beebox.de\/restaurant\/wp-content\/uploads\/2025\/07\/Freiburger-Seefest-Abendansicht-Copyright-Francesco-Sabatino-B1920xH1080px.jpg\" alt=\"Freiburger Seefest Abendansicht \" title=\"Freiburger Seefest Abendansicht \" srcset=\"https:\/\/k-lago.beebox.de\/restaurant\/wp-content\/uploads\/2025\/07\/Freiburger-Seefest-Abendansicht-Copyright-Francesco-Sabatino-B1920xH1080px.jpg 1920w, https:\/\/k-lago.beebox.de\/restaurant\/wp-content\/uploads\/2025\/07\/Freiburger-Seefest-Abendansicht-Copyright-Francesco-Sabatino-B1920xH1080px-1280x720.jpg 1280w, https:\/\/k-lago.beebox.de\/restaurant\/wp-content\/uploads\/2025\/07\/Freiburger-Seefest-Abendansicht-Copyright-Francesco-Sabatino-B1920xH1080px-980x551.jpg 980w, https:\/\/k-lago.beebox.de\/restaurant\/wp-content\/uploads\/2025\/07\/Freiburger-Seefest-Abendansicht-Copyright-Francesco-Sabatino-B1920xH1080px-480x270.jpg 480w\" sizes=\"(min-width: 0px) and (max-width: 480px) 480px, (min-width: 481px) and (max-width: 980px) 980px, (min-width: 981px) and (max-width: 1280px) 1280px, (min-width: 1281px) 1920px, 100vw\" class=\"wp-image-1159\"><\/span>\n\t\t\t<div id=\"pac_dih__image_details_1\" class=\"pac_dih__image_details\"><p id=\"pac_dih__caption_1\" class=\"pac_dih__caption\">Foto: &copy;2023 FWTM \/ Francesco Sabatino<\/p><\/div><\/div>\n<\/div><div class=\"et_pb_column_5 et_pb_column et_pb_column_3_5 et-last-child et_block_column et_pb_css_mix_blend_mode_passthrough\"><div class=\"et_pb_text_3 et_pb_text et_pb_bg_layout_light et_pb_module et_block_module\"><div class=\"et_pb_text_inner\"><h4>Veranstaltung im Seepark<\/h4>\n<h2>Das Freiburger Seefest<\/h2>\n<h4>25. bis 27. Juli 2025<\/h4>\n<p>Auch in diesem Jahr ist das Lago wieder mitten drin: Beim Freiburger Seefest rund um den Fl\u00fcckigersee erwartet euch Kulinarisches, ein Open-Air-Festival mit zahlreichen Konzerten, ein tolles Kinderprogramm sowie ein Feuerwerk!<\/p>\n<p>Weitere Informationen auf der <strong><a href=\"https:\/\/www.freiburger-seefest.de\/\" target=\"_blank\" rel=\"noopener\">Veranstaltungsseite<\/a><\/strong>.<\/p>\n<\/div><\/div><\/div><\/div><div class=\"et_pb_row_3 et_pb_row et_block_row\"><div class=\"et_pb_column_6 et_pb_column et_pb_column_2_5 et_block_column et_pb_css_mix_blend_mode_passthrough\"><?xml version=\"1.0\" encoding=\"UTF-8\"?><div class=\"et_pb_module et_d4_element et_pb_image et_pb_image_2\">\n\t\t\t\t\n\t\t\t\t\n\t\t\t\t\n\t\t\t\t\n\t\t\t\t<span class=\"et_pb_image_wrap \"><img loading=\"lazy\" decoding=\"async\" width=\"1920\" height=\"1080\" src=\"https:\/\/k-lago.beebox.de\/restaurant\/wp-content\/uploads\/2025\/07\/Event-Weltkindertag-Seepark-Freiburg-2023-B1920xH1080px.jpg\" alt=\"Weltkindertag im Seepark, Freiburg\" title=\"Weltkindertag im Seepark, Freiburg\" srcset=\"https:\/\/k-lago.beebox.de\/restaurant\/wp-content\/uploads\/2025\/07\/Event-Weltkindertag-Seepark-Freiburg-2023-B1920xH1080px.jpg 1920w, https:\/\/k-lago.beebox.de\/restaurant\/wp-content\/uploads\/2025\/07\/Event-Weltkindertag-Seepark-Freiburg-2023-B1920xH1080px-1280x720.jpg 1280w, https:\/\/k-lago.beebox.de\/restaurant\/wp-content\/uploads\/2025\/07\/Event-Weltkindertag-Seepark-Freiburg-2023-B1920xH1080px-980x551.jpg 980w, https:\/\/k-lago.beebox.de\/restaurant\/wp-content\/uploads\/2025\/07\/Event-Weltkindertag-Seepark-Freiburg-2023-B1920xH1080px-480x270.jpg 480w\" sizes=\"(min-width: 0px) and (max-width: 480px) 480px, (min-width: 481px) and (max-width: 980px) 980px, (min-width: 981px) and (max-width: 1280px) 1280px, (min-width: 1281px) 1920px, 100vw\" class=\"wp-image-1212\"><\/span>\n\t\t\t<div id=\"pac_dih__image_details_2\" class=\"pac_dih__image_details\"><p id=\"pac_dih__caption_2\" class=\"pac_dih__caption\">Foto: Wendepunkt e.V.<\/p><\/div><\/div>\n<\/div><div class=\"et_pb_column_7 et_pb_column et_pb_column_3_5 et-last-child et_block_column et_pb_css_mix_blend_mode_passthrough\"><div class=\"et_pb_text_4 et_pb_text et_pb_bg_layout_light et_pb_module et_block_module\"><div class=\"et_pb_text_inner\"><h4>Veranstaltung im Seepark<\/h4>\n<h2>Weltkindertag im Seepark<\/h2>\n<h4>21. September 2025<\/h4>\n<p>Der Weltkindertag im Seepark ist eine j\u00e4hrliche Veranstaltung, die im Rahmen des Weltkindertages stattfindet, der weltweit eigentlich am 20. September gefeiert wird. Im Seepark Freiburg erwartet die Kinder am Sonntag, 21. September, ein buntes Programm mit vielen Spielen, Aktionen und Musik.<\/p>\n<\/div><\/div><\/div><\/div><div class=\"et_pb_row_4 et_pb_row et_block_row\"><div class=\"et_pb_column_8 et_pb_column et_pb_column_2_5 et_block_column et_pb_css_mix_blend_mode_passthrough\"><?xml version=\"1.0\" encoding=\"UTF-8\"?><div class=\"et_pb_module et_d4_element et_pb_image et_pb_image_3\">\n\t\t\t\t\n\t\t\t\t\n\t\t\t\t\n\t\t\t\t\n\t\t\t\t<span class=\"et_pb_image_wrap \"><img loading=\"lazy\" decoding=\"async\" width=\"1920\" height=\"1080\" src=\"https:\/\/k-lago.beebox.de\/restaurant\/wp-content\/uploads\/2025\/07\/Konzert-Simon-Garfunkel-Tribute-Duo-Quartett-Thomas-Wacker-Thorsten-Gary-B1920xH1080px.jpg\" alt=\"Simon &amp; Garfunkel Tribute - Duo und Quartett\" title=\"Simon &amp; Garfunkel Tribute - Duo und Quartett\" srcset=\"https:\/\/k-lago.beebox.de\/restaurant\/wp-content\/uploads\/2025\/07\/Konzert-Simon-Garfunkel-Tribute-Duo-Quartett-Thomas-Wacker-Thorsten-Gary-B1920xH1080px.jpg 1920w, https:\/\/k-lago.beebox.de\/restaurant\/wp-content\/uploads\/2025\/07\/Konzert-Simon-Garfunkel-Tribute-Duo-Quartett-Thomas-Wacker-Thorsten-Gary-B1920xH1080px-1280x720.jpg 1280w, https:\/\/k-lago.beebox.de\/restaurant\/wp-content\/uploads\/2025\/07\/Konzert-Simon-Garfunkel-Tribute-Duo-Quartett-Thomas-Wacker-Thorsten-Gary-B1920xH1080px-980x551.jpg 980w, https:\/\/k-lago.beebox.de\/restaurant\/wp-content\/uploads\/2025\/07\/Konzert-Simon-Garfunkel-Tribute-Duo-Quartett-Thomas-Wacker-Thorsten-Gary-B1920xH1080px-480x270.jpg 480w\" sizes=\"(min-width: 0px) and (max-width: 480px) 480px, (min-width: 481px) and (max-width: 980px) 980px, (min-width: 981px) and (max-width: 1280px) 1280px, (min-width: 1281px) 1920px, 100vw\" class=\"wp-image-1207\"><\/span>\n\t\t\t<div id=\"pac_dih__image_details_3\" class=\"pac_dih__image_details\"><p id=\"pac_dih__caption_3\" class=\"pac_dih__caption\">Foto: Thomas Wacker &amp; Thorsten Gary<\/p><\/div><\/div>\n<\/div><div class=\"et_pb_column_9 et_pb_column et_pb_column_3_5 et-last-child et_block_column et_pb_css_mix_blend_mode_passthrough\"><div class=\"et_pb_text_5 et_pb_text et_pb_bg_layout_light et_pb_module et_block_module\"><div class=\"et_pb_text_inner\"><h4>Konzert im B\u00fcrgerhaus<\/h4>\n<h2>Simon &amp; Garfunkel \u2013 Tribute meets Classic<\/h2>\n<h4>27. September 2025<\/h4>\n<p>Das Graceland Duo mit Streicherquartett sind nahe am Original, ohne zu kopieren. Mit dem n\u00f6tigen Respekt vor den gro\u00dfen Kompositionen und dem Anspruch an sich selbst, musikalisch hochwertige Interpretationen der Welthits von Simon &amp; Garfunkel zu bieten. Das ist das Simon &amp; Garfunkel Tribute Duo: Thomas Wacker und Thorsten Gary.<\/p>\n<p>Weitere Informationen auf der <strong><a href=\"https:\/\/www.graceland-online.de\/\" target=\"_blank\" rel=\"noopener\">Musikerseite<\/a><\/strong>.<\/p>\n<\/div><\/div><\/div><\/div><div class=\"et_pb_row_5 et_pb_row et_block_row\"><div class=\"et_pb_column_10 et_pb_column et_pb_column_2_5 et_block_column et_pb_css_mix_blend_mode_passthrough\"><div class=\"et_pb_module et_d4_element et_pb_image et_pb_image_4\">\n\t\t\t\t\n\t\t\t\t\n\t\t\t\t\n\t\t\t\t\n\t\t\t\t<span class=\"et_pb_image_wrap \"><img loading=\"lazy\" decoding=\"async\" width=\"1920\" height=\"1080\" src=\"https:\/\/k-lago.beebox.de\/restaurant\/wp-content\/uploads\/2025\/07\/Event-Variete-am-Seepark-2025-B1920xH1080px.jpg\" alt=\"Variete am Seepark\" title=\"Variete am Seepark\" srcset=\"https:\/\/k-lago.beebox.de\/restaurant\/wp-content\/uploads\/2025\/07\/Event-Variete-am-Seepark-2025-B1920xH1080px.jpg 1920w, https:\/\/k-lago.beebox.de\/restaurant\/wp-content\/uploads\/2025\/07\/Event-Variete-am-Seepark-2025-B1920xH1080px-1280x720.jpg 1280w, https:\/\/k-lago.beebox.de\/restaurant\/wp-content\/uploads\/2025\/07\/Event-Variete-am-Seepark-2025-B1920xH1080px-980x551.jpg 980w, https:\/\/k-lago.beebox.de\/restaurant\/wp-content\/uploads\/2025\/07\/Event-Variete-am-Seepark-2025-B1920xH1080px-480x270.jpg 480w\" sizes=\"(min-width: 0px) and (max-width: 480px) 480px, (min-width: 481px) and (max-width: 980px) 980px, (min-width: 981px) and (max-width: 1280px) 1280px, (min-width: 1281px) 1920px, 100vw\" class=\"wp-image-1179\" \/><\/span>\n\t\t\t<\/div><\/div><div class=\"et_pb_column_11 et_pb_column et_pb_column_3_5 et-last-child et_block_column et_pb_css_mix_blend_mode_passthrough\"><div class=\"et_pb_text_6 et_pb_text et_pb_bg_layout_light et_pb_module et_block_module\"><div class=\"et_pb_text_inner\"><h4>Veranstaltung im B\u00fcrgerhaus<\/h4>\n<h2>Variet\u00e9 am Seepark<\/h2>\n<h4>06. bis 16. November 2025<\/h4>\n<p>Lassen Sie sich im benachbarten B\u00fcrgerhaus verzaubern von beeindruckenden Darbietungen preisgekr\u00f6nter K\u00fcnstlerinnen und K\u00fcnstler der internationalen Variet\u00e9- und Zirkusszene. Staunen Sie \u00fcber atemberaubende Akrobatik, erleben Sie Anmut, Perfektion und magische Augenblicke und lachen Sie herzhaft \u00fcber charmante Comedy.<\/p>\n<p>Weitere Informationen auf der <strong><a href=\"https:\/\/www.variete-am-seepark.de\/\" target=\"_blank\" rel=\"noopener\">Veranstaltungsseite<\/a><\/strong>.<\/p>\n<\/div><\/div><\/div><\/div><\/div><div class=\"et_pb_section_2 et_pb_section et_section_regular et_block_section\" id=\"jobs\"><div class=\"et_pb_row_6 et_pb_row et_block_row\"><div class=\"et_pb_column_12 et_pb_column et_pb_column_3_5 et_block_column et_pb_css_mix_blend_mode_passthrough\"><div class=\"et_pb_text_7 et_pb_text et_pb_bg_layout_light et_pb_module et_block_module\"><div class=\"et_pb_text_inner\"><h1>Unser Team braucht Verst\u00e4rkung. Die Stellenangebote im Lago:<\/h1>\n<\/div><\/div><\/div><div class=\"et_pb_column_13 et_pb_column et_pb_column_2_5 et-last-child et_block_column et_pb_column_empty et_pb_css_mix_blend_mode_passthrough\"><\/div><\/div><div class=\"et_pb_row_7 et_pb_row et_block_row\"><div class=\"et_pb_column_14 et_pb_column et_pb_column_2_5 et_block_column et_pb_css_mix_blend_mode_passthrough\"><div class=\"et_pb_module et_d4_element et_pb_image et_pb_image_5\">\n\t\t\t\t\n\t\t\t\t\n\t\t\t\t\n\t\t\t\t\n\t\t\t\t<span class=\"et_pb_image_wrap \"><img loading=\"lazy\" decoding=\"async\" width=\"1920\" height=\"1080\" src=\"https:\/\/k-lago.beebox.de\/restaurant\/wp-content\/uploads\/2025\/07\/Unsplash-Uag60LVlXl4-Team-Gruppe-Sonnenuntergang-Ty-Downs-B1920xH1080px.jpg\" alt=\"Team bei Sonnenuntergang am See\" title=\"Team bei Sonnenuntergang am See\" srcset=\"https:\/\/k-lago.beebox.de\/restaurant\/wp-content\/uploads\/2025\/07\/Unsplash-Uag60LVlXl4-Team-Gruppe-Sonnenuntergang-Ty-Downs-B1920xH1080px.jpg 1920w, https:\/\/k-lago.beebox.de\/restaurant\/wp-content\/uploads\/2025\/07\/Unsplash-Uag60LVlXl4-Team-Gruppe-Sonnenuntergang-Ty-Downs-B1920xH1080px-1280x720.jpg 1280w, https:\/\/k-lago.beebox.de\/restaurant\/wp-content\/uploads\/2025\/07\/Unsplash-Uag60LVlXl4-Team-Gruppe-Sonnenuntergang-Ty-Downs-B1920xH1080px-980x551.jpg 980w, https:\/\/k-lago.beebox.de\/restaurant\/wp-content\/uploads\/2025\/07\/Unsplash-Uag60LVlXl4-Team-Gruppe-Sonnenuntergang-Ty-Downs-B1920xH1080px-480x270.jpg 480w\" sizes=\"(min-width: 0px) and (max-width: 480px) 480px, (min-width: 481px) and (max-width: 980px) 980px, (min-width: 981px) and (max-width: 1280px) 1280px, (min-width: 1281px) 1920px, 100vw\" class=\"wp-image-1169\" \/><\/span>\n\t\t\t<\/div><\/div><div class=\"et_pb_column_15 et_pb_column et_pb_column_3_5 et-last-child et_block_column et_pb_css_mix_blend_mode_passthrough\"><div class=\"et_pb_text_8 et_pb_text et_pb_bg_layout_light et_pb_module et_block_module\"><div class=\"et_pb_text_inner\"><h4>Stellenangebot<\/h4>\n<h2>Service-Mitarbeiter*in (m\/w\/d)<\/h2>\n<h4>als Mini-Job<\/h4>\n<p>Als echte*r Teamplayer*in kannst du koordiniert arbeiten und m\u00f6chtest etwas dazu verdienen: Unsere Service-Crew sucht freundliche, zuverl\u00e4ssige Kolleginnen und Kollegen.<\/p>\n<p>Sonja Schmidt freut sich auf deine Bewerbung per <a href=\"mailto:mail@lago.de\"><strong>E-Mail<\/strong><\/a>.<\/p>\n<\/div><\/div><\/div><\/div><div class=\"et_pb_row_8 et_pb_row et_block_row\"><div class=\"et_pb_column_16 et_pb_column et_pb_column_2_5 et_block_column et_pb_css_mix_blend_mode_passthrough\"><div class=\"et_pb_module et_d4_element et_pb_image et_pb_image_6\">\n\t\t\t\t\n\t\t\t\t\n\t\t\t\t\n\t\t\t\t\n\t\t\t\t<span class=\"et_pb_image_wrap \"><img loading=\"lazy\" decoding=\"async\" width=\"1920\" height=\"1080\" src=\"https:\/\/k-lago.beebox.de\/restaurant\/wp-content\/uploads\/2025\/07\/771A8745-Pfanne-schwenken-B1920xH1080.jpg\" alt=\"Pfanne wird geschwenkt\" title=\"Pfanne wird geschwenkt\" srcset=\"https:\/\/k-lago.beebox.de\/restaurant\/wp-content\/uploads\/2025\/07\/771A8745-Pfanne-schwenken-B1920xH1080.jpg 1920w, https:\/\/k-lago.beebox.de\/restaurant\/wp-content\/uploads\/2025\/07\/771A8745-Pfanne-schwenken-B1920xH1080-1280x720.jpg 1280w, https:\/\/k-lago.beebox.de\/restaurant\/wp-content\/uploads\/2025\/07\/771A8745-Pfanne-schwenken-B1920xH1080-980x551.jpg 980w, https:\/\/k-lago.beebox.de\/restaurant\/wp-content\/uploads\/2025\/07\/771A8745-Pfanne-schwenken-B1920xH1080-480x270.jpg 480w\" sizes=\"(min-width: 0px) and (max-width: 480px) 480px, (min-width: 481px) and (max-width: 980px) 980px, (min-width: 981px) and (max-width: 1280px) 1280px, (min-width: 1281px) 1920px, 100vw\" class=\"wp-image-825\" \/><\/span>\n\t\t\t<\/div><\/div><div class=\"et_pb_column_17 et_pb_column et_pb_column_3_5 et-last-child et_block_column et_pb_css_mix_blend_mode_passthrough\"><div class=\"et_pb_text_9 et_pb_text et_pb_bg_layout_light et_pb_module et_block_module\"><div class=\"et_pb_text_inner\"><h4>Stellenangebot<\/h4>\n<h2>Koch \/ K\u00f6chin (m\/w\/d)<\/h2>\n<h4>in Festanstellung<\/h4>\n<p>Du arbeitest eigenverantwortlich sowie koordiniert und kannst unsere G\u00e4ste kulinarisch begeistern: F\u00fcr unsere K\u00fcchencrew suchen wir das richtige Teammitglied.<\/p>\n<p>Sonja Schmidt freut sich auf deine Bewerbung per <a href=\"mailto:mail@lago.de\"><strong>E-Mail<\/strong><\/a>.<\/p>\n<\/div><\/div><\/div><\/div><\/div>\n","protected":false},"excerpt":{"rendered":"","protected":false},"author":2,"featured_media":0,"parent":0,"menu_order":4,"comment_status":"closed","ping_status":"closed","template":"","meta":{"_seopress_robots_primary_cat":"","_seopress_titles_title":"","_seopress_titles_desc":"","_seopress_robots_index":"","_seopress_analysis_target_kw":"","_et_pb_use_builder":"on","_et_pb_old_content":"","_et_gb_content_width":"","footnotes":""},"class_list":["post-97","page","type-page","status-publish","hentry"],"dsm_author":{"name":"Danny","avatar_url":"https:\/\/secure.gravatar.com\/avatar\/2e44fae07d5f2b8121259c17704a53eaf8d96f8465b91dc2c82bfe3dec0dc975?s=96&d=mm&r=g","archive_link":"https:\/\/k-lago.beebox.de\/restaurant\/author\/bbxadmin\/","biodata":""},"dsm_categories":[],"dsm_attachment_categories":[],"dsm_featured_image":null,"dsm_comment_count":0,"_links":{"self":[{"href":"https:\/\/k-lago.beebox.de\/restaurant\/wp-json\/wp\/v2\/pages\/97","targetHints":{"allow":["GET"]}}],"collection":[{"href":"https:\/\/k-lago.beebox.de\/restaurant\/wp-json\/wp\/v2\/pages"}],"about":[{"href":"https:\/\/k-lago.beebox.de\/restaurant\/wp-json\/wp\/v2\/types\/page"}],"author":[{"embeddable":true,"href":"https:\/\/k-lago.beebox.de\/restaurant\/wp-json\/wp\/v2\/users\/2"}],"replies":[{"embeddable":true,"href":"https:\/\/k-lago.beebox.de\/restaurant\/wp-json\/wp\/v2\/comments?post=97"}],"version-history":[{"count":70,"href":"https:\/\/k-lago.beebox.de\/restaurant\/wp-json\/wp\/v2\/pages\/97\/revisions"}],"predecessor-version":[{"id":1289,"href":"https:\/\/k-lago.beebox.de\/restaurant\/wp-json\/wp\/v2\/pages\/97\/revisions\/1289"}],"wp:attachment":[{"href":"https:\/\/k-lago.beebox.de\/restaurant\/wp-json\/wp\/v2\/media?parent=97"}],"curies":[{"name":"wp","href":"https:\/\/api.w.org\/{rel}","templated":true}]}}