{"id":383,"date":"2025-07-04T22:47:24","date_gmt":"2025-07-04T20:47:24","guid":{"rendered":"https:\/\/k-lago.beebox.de\/restaurant\/?page_id=383"},"modified":"2026-03-08T11:41:26","modified_gmt":"2026-03-08T10:41:26","slug":"lago-freiburg-dessert-kuchen","status":"publish","type":"page","link":"https:\/\/k-lago.beebox.de\/restaurant\/speisen-getraenke\/lago-freiburg-dessert-kuchen\/","title":{"rendered":"Dessert und Kuchen"},"content":{"rendered":"\n<div class=\"et_pb_section_0 et_pb_section et_pb_fullwidth_section et_section_regular et_block_section\"><section class=\"et_pb_fullwidth_header_0 et_pb_fullwidth_header et_pb_fullscreen et_pb_bg_layout_dark et_pb_text_align_center et_pb_section_parallax et_pb_module et_flex_module\"><span class=\"et-pb-parallax-wrapper\"><span class=\"et-pb-parallax-background et-pb-parallax-background-module--divi-fullwidth-header-0\" style=\"background-image:url(https:\/\/k-lago.beebox.de\/restaurant\/wp-content\/uploads\/2025\/07\/771A9258-Eis-Becher-mit-Sahne-B1920xH1080px.jpg)\"><\/span><\/span><div class=\"et_pb_fullwidth_header_container center\"><div class=\"header-content-container center\"><div class=\"header-content et_flex_module\"><h1 class=\"et_pb_module_header\">S\u00fcsses f\u00fcr die Seele<\/h1><div class=\"et_pb_header_button_wrapper\"><\/div><\/div><\/div><\/div><div class=\"et_pb_fullwidth_header_overlay\"><\/div><div class=\"et_pb_fullwidth_header_scroll\"><a class=\"scroll-down-container\" href=\"#\"><span class=\"scroll-down et-pb-icon\">;<\/span><\/a><\/div><\/section><\/div><div class=\"et_pb_section_1 et_pb_section et_section_regular et_block_section\"><div class=\"et_pb_row_0 et_pb_row et_pb_gutters2 et_block_row\"><div class=\"et_pb_column_0 et_pb_column et_pb_column_1_3 et_block_column et_pb_css_mix_blend_mode_passthrough\"><div class=\"et_pb_text_0 et_pb_text et_pb_bg_layout_light et_pb_module et_block_module\"><div class=\"et_pb_text_inner\"><h1>F\u00fcr unsere Naschkatzen<\/h1>\n<p>Sie suchen etwas S\u00fc\u00dfes f\u00fcr die Seele? Nicht nur unsere Desserts sind die Kr\u00f6nung f\u00fcr Ihr Essen. Auch haben wir den richtige Kuchen als perfekte Begleitung f\u00fcr Ihren Kaffee.<br \/>\nW\u00e4hlen Sie Ihren Favoriten aus der Vielfalt unserer K\u00f6stlichkeiten: S\u00fc\u00df, frisch und unwiderstehlich. Lassen Sie sich verf\u00fchren!<\/p>\n<\/div><\/div><div class=\"et_pb_module et_pb_button_module_wrapper et_pb_button_0_wrapper preset--module--divi-button--default_wrapper\"><a class=\"et_pb_button_0 et_pb_button et_pb_bg_layout_light et_animated et_pb_module et_block_module preset--module--divi-button--default\" href=\"https:\/\/k-lago.beebox.de\/restaurant\/kontakt-anfahrt\/#sektion-reservierung\">Tisch reservieren<\/a><\/div><\/div><div class=\"et_pb_column_1 et_pb_column et_pb_column_1_3 et_block_column et_pb_css_mix_blend_mode_passthrough\"><div class=\"et_pb_image_0 et_pb_image et_animated et_pb_module et_block_module\"><span class=\"et_pb_image_wrap\"><img loading=\"lazy\" decoding=\"async\" src=\"https:\/\/k-lago.beebox.de\/restaurant\/wp-content\/uploads\/2025\/07\/771A8655-Schwarzwaelder-Kirsch-B1920xH1080px.jpg\" width=\"1920\" height=\"1080\" srcset=\"https:\/\/k-lago.beebox.de\/restaurant\/wp-content\/uploads\/2025\/07\/771A8655-Schwarzwaelder-Kirsch-B1920xH1080px.jpg 1920w, https:\/\/k-lago.beebox.de\/restaurant\/wp-content\/uploads\/2025\/07\/771A8655-Schwarzwaelder-Kirsch-B1920xH1080px-1280x720.jpg 1280w, https:\/\/k-lago.beebox.de\/restaurant\/wp-content\/uploads\/2025\/07\/771A8655-Schwarzwaelder-Kirsch-B1920xH1080px-980x551.jpg 980w, https:\/\/k-lago.beebox.de\/restaurant\/wp-content\/uploads\/2025\/07\/771A8655-Schwarzwaelder-Kirsch-B1920xH1080px-480x270.jpg 480w\" sizes=\"(min-width: 0px) and (max-width: 480px) 480px, (min-width: 481px) and (max-width: 980px) 980px, (min-width: 981px) and (max-width: 1280px) 1280px, (min-width: 1281px) 1920px, 100vw\" class=\"wp-image-1128\" title=\"Schwarzw\u00e4lder Kirschtorte\" alt=\"Schwarzw\u00e4lder Kirschtorte\" \/><\/span><\/div><\/div><div class=\"et_pb_column_2 et_pb_column et_pb_column_1_3 et-last-child et_block_column et_pb_css_mix_blend_mode_passthrough\"><div class=\"et_pb_image_1 et_pb_image et_animated et_pb_module et_block_module\"><span class=\"et_pb_image_wrap\"><img loading=\"lazy\" decoding=\"async\" src=\"https:\/\/k-lago.beebox.de\/restaurant\/wp-content\/uploads\/2025\/07\/771A9217-Erdbeer-Dessert-Capuchino-B1920xH1080px.jpg\" width=\"1920\" height=\"1080\" srcset=\"https:\/\/k-lago.beebox.de\/restaurant\/wp-content\/uploads\/2025\/07\/771A9217-Erdbeer-Dessert-Capuchino-B1920xH1080px.jpg 1920w, https:\/\/k-lago.beebox.de\/restaurant\/wp-content\/uploads\/2025\/07\/771A9217-Erdbeer-Dessert-Capuchino-B1920xH1080px-1280x720.jpg 1280w, https:\/\/k-lago.beebox.de\/restaurant\/wp-content\/uploads\/2025\/07\/771A9217-Erdbeer-Dessert-Capuchino-B1920xH1080px-980x551.jpg 980w, https:\/\/k-lago.beebox.de\/restaurant\/wp-content\/uploads\/2025\/07\/771A9217-Erdbeer-Dessert-Capuchino-B1920xH1080px-480x270.jpg 480w\" sizes=\"(min-width: 0px) and (max-width: 480px) 480px, (min-width: 481px) and (max-width: 980px) 980px, (min-width: 981px) and (max-width: 1280px) 1280px, (min-width: 1281px) 1920px, 100vw\" class=\"wp-image-189\" title=\"Erdbeer-Dessert und Capuchino\" alt=\"Erdbeer-Dessert und Capuchino\" \/><\/span><\/div><\/div><\/div><div class=\"et_pb_row_1 et_pb_row et_pb_gutters2 et_block_row\"><div class=\"et_pb_column_3 et_pb_column et_pb_column_1_3 et_block_column et_pb_css_mix_blend_mode_passthrough\"><div class=\"et_pb_image_2 et_pb_image et_animated et_pb_module et_block_module\"><span class=\"et_pb_image_wrap\"><img loading=\"lazy\" decoding=\"async\" src=\"https:\/\/k-lago.beebox.de\/restaurant\/wp-content\/uploads\/2025\/07\/771A8489-Gastraum-Kuchen-B1920xH1080px.jpg\" width=\"1920\" height=\"1080\" srcset=\"https:\/\/k-lago.beebox.de\/restaurant\/wp-content\/uploads\/2025\/07\/771A8489-Gastraum-Kuchen-B1920xH1080px.jpg 1920w, https:\/\/k-lago.beebox.de\/restaurant\/wp-content\/uploads\/2025\/07\/771A8489-Gastraum-Kuchen-B1920xH1080px-1280x720.jpg 1280w, https:\/\/k-lago.beebox.de\/restaurant\/wp-content\/uploads\/2025\/07\/771A8489-Gastraum-Kuchen-B1920xH1080px-980x551.jpg 980w, https:\/\/k-lago.beebox.de\/restaurant\/wp-content\/uploads\/2025\/07\/771A8489-Gastraum-Kuchen-B1920xH1080px-480x270.jpg 480w\" sizes=\"(min-width: 0px) and (max-width: 480px) 480px, (min-width: 481px) and (max-width: 980px) 980px, (min-width: 981px) and (max-width: 1280px) 1280px, (min-width: 1281px) 1920px, 100vw\" class=\"wp-image-150\" title=\"Gastraum mit Kuchenauswa\" alt=\"Gastraum mit Kuchenauswahl\" \/><\/span><\/div><\/div><div class=\"et_pb_column_4 et_pb_column et_pb_column_2_3 et-last-child et_block_column et_pb_css_mix_blend_mode_passthrough\"><div class=\"et_pb_accordion_0 et_pb_accordion et_pb_module et_block_module preset--module--divi-accordion--default\"><div class=\"et_pb_accordion_item_0 et_pb_accordion_item et_pb_toggle et_pb_module et_pb_toggle_open et_block_module\"><h5 class=\"et_pb_toggle_title\">Frische Kuchen und Torten<\/h5><div class=\"et_pb_toggle_content\"><p>Unsere Kuchen und Torten werden immer frisch hergestellt und variieren je nach Saison. Die aktuelle Tagesauswahl finden Sie in unserer Vitrine. Nachfolgend wollen wir ihnen stellvertretend einige unserer Klassiker vorstellen:\u00a0<br \/>\n&nbsp;<\/p>\n<table class=\"table\">\n<tbody>\n<tr>\n<td><strong>Schwarzw\u00e4lder Kirschtorte<\/strong><br \/>enth\u00e4lt Alkohol<\/td>\n<td align=\"right\">5.60\u20ac<\/td>\n<\/tr>\n<tr>\n<td><strong>K\u00e4sekuchen<\/strong><\/td>\n<td align=\"right\">4.60\u20ac<\/td>\n<\/tr>\n<tr>\n<td><strong>Sauerrahm-Mandarinen-Kuchen<\/strong><\/td>\n<td align=\"right\">4.60\u20ac<\/td>\n<\/tr>\n<tr>\n<td><strong>Apfel-Schmand-Kuchen<\/strong><\/td>\n<td align=\"right\">4.60\u20ac<\/td>\n<\/tr>\n<tr>\n<td><strong>R\u00fcblikuchen<\/strong><br \/>mit Mohrr\u00fcben, Mandeln und Haseln\u00fcssen<\/td>\n<td align=\"right\">4.60\u20ac<\/td>\n<\/tr>\n<tr>\n<td><strong>Johannisbeer-Baiser-Kuchen<\/strong><\/td>\n<td align=\"right\">4.60\u20ac<\/td>\n<\/tr>\n<tr>\n<td><strong>Maulwurfkuchen mit Banane<\/strong><\/td>\n<td align=\"right\">4.60\u20ac<\/td>\n<\/tr>\n<tr>\n<td><strong>Extras:<\/strong><br \/>1 Portion Sahne<\/td>\n<td align=\"right\">1.00\u20ac<\/td>\n<\/tr>\n<\/tbody>\n<\/table>\n<\/div><\/div><div class=\"et_pb_accordion_item_1 et_pb_accordion_item et_pb_toggle et_pb_module et_pb_toggle_close et_block_module\"><h5 class=\"et_pb_toggle_title\">Unsere Dessertkarte<\/h5><div class=\"et_pb_toggle_content\"><table class=\"table\">\n<tbody>\n<tr>\n<td><strong>Unsere Carte D\u00b4Or Eisauswahl<\/strong><br \/>\nBourbon-Vanille, Schokolade, Erdbeere, Walnuss, Zitrone Sorbet und Mango Sorbet<br \/>\n<strong>je Kugel<\/strong><\/td>\n<td align=\"right\">2.20\u20ac<\/td>\n<\/tr>\n<tr>\n<td><strong>Milchshake<\/strong><br \/>\naus einer Eissorte ihrer Wahl<\/td>\n<td align=\"right\">5.80\u20ac<\/td>\n<\/tr>\n<tr>\n<td><strong>Eis &amp; Hei\u00df<\/strong><br \/>\nVanilleeis unter doppeltem Espresso und Sahne<\/td>\n<td align=\"right\">6.80\u20ac<\/td>\n<\/tr>\n<tr>\n<td><strong>Eisschokolade<\/strong><br \/>\nkalter Kakao mit Schokoladeneis und Sahne<\/td>\n<td align=\"right\">6.80\u20ac<\/td>\n<\/tr>\n<tr>\n<td><strong>Eiskaffee<\/strong><br \/>\nmit Vanilleeis und Sahne<\/td>\n<td align=\"right\">6.80\u20ac<\/td>\n<\/tr>\n<tr>\n<td><strong>Sanfter Engel<\/strong><br \/>\nVanilleeis mit Orangensaft<\/td>\n<td align=\"right\">6.80\u20ac<\/td>\n<\/tr>\n<tr>\n<td><strong>Gemischter Eisbecher<\/strong><br \/>\nmit drei Kugeln Eis ihrer Wahl und Sahne<\/td>\n<td align=\"right\">7.80\u20ac<\/td>\n<\/tr>\n<tr>\n<td><strong>Schwarzwald-Becher<\/strong><br \/>\nVanille-, Schokoladen- und Walnusseis, Sauerkirschen, Waldfruchtsauce, Waln\u00fcsse und Sahne<\/td>\n<td align=\"right\">8.50\u20ac<\/td>\n<\/tr>\n<tr>\n<td><strong>Bananen-Split<\/strong><br \/>\nVanille- und Schokoladeneis, Banane, Schokoladensauce, Sahne und Mandelbl\u00e4tter<\/td>\n<td align=\"right\">8.50\u20ac<\/td>\n<\/tr>\n<tr>\n<td><strong>Eiszwerg f\u00fcr Kinder<\/strong><br \/>\nErdbeer- und Schokoladeneis, Schokoladensauce und Sahne<\/td>\n<td align=\"right\">5.80\u20ac<\/td>\n<\/tr>\n<tr>\n<td><strong>Hausgemachtes Apple-Crumble<\/strong><br \/>\nmit einer Kugel Vanilleeis<\/td>\n<td align=\"right\">7.50\u20ac<\/td>\n<\/tr>\n<tr>\n<td><strong>Mousse au chocolat<\/strong><br \/>\ngarniert mit wei\u00dfen Schokoladenraspeln<\/td>\n<td align=\"right\">7.50\u20ac<\/td>\n<\/tr>\n<tr>\n<td><strong>Marmeladen-Palatschinken<\/strong><\/td>\n<td align=\"right\">6.80\u20ac<\/td>\n<\/tr>\n<tr>\n<td><strong>Extras:<\/strong><br \/>\nEierlik\u00f6r, Schoko-Sauce<\/td>\n<td align=\"right\">2.00\u20ac<\/td>\n<\/tr>\n<\/tbody>\n<\/table>\n<\/div><\/div><\/div><\/div><\/div><\/div>\n","protected":false},"excerpt":{"rendered":"","protected":false},"author":2,"featured_media":0,"parent":65,"menu_order":5,"comment_status":"closed","ping_status":"closed","template":"","meta":{"_seopress_robots_primary_cat":"","_seopress_titles_title":"","_seopress_titles_desc":"","_seopress_robots_index":"","_seopress_analysis_target_kw":"","footnotes":""},"class_list":["post-383","page","type-page","status-publish","hentry"],"dsm_author":{"name":"Danny","avatar_url":"https:\/\/secure.gravatar.com\/avatar\/2e44fae07d5f2b8121259c17704a53eaf8d96f8465b91dc2c82bfe3dec0dc975?s=96&d=mm&r=g","archive_link":"https:\/\/k-lago.beebox.de\/restaurant\/author\/bbxadmin\/","biodata":""},"dsm_categories":[],"dsm_attachment_categories":[],"dsm_featured_image":null,"dsm_comment_count":0,"_links":{"self":[{"href":"https:\/\/k-lago.beebox.de\/restaurant\/wp-json\/wp\/v2\/pages\/383","targetHints":{"allow":["GET"]}}],"collection":[{"href":"https:\/\/k-lago.beebox.de\/restaurant\/wp-json\/wp\/v2\/pages"}],"about":[{"href":"https:\/\/k-lago.beebox.de\/restaurant\/wp-json\/wp\/v2\/types\/page"}],"author":[{"embeddable":true,"href":"https:\/\/k-lago.beebox.de\/restaurant\/wp-json\/wp\/v2\/users\/2"}],"replies":[{"embeddable":true,"href":"https:\/\/k-lago.beebox.de\/restaurant\/wp-json\/wp\/v2\/comments?post=383"}],"version-history":[{"count":42,"href":"https:\/\/k-lago.beebox.de\/restaurant\/wp-json\/wp\/v2\/pages\/383\/revisions"}],"predecessor-version":[{"id":1277,"href":"https:\/\/k-lago.beebox.de\/restaurant\/wp-json\/wp\/v2\/pages\/383\/revisions\/1277"}],"up":[{"embeddable":true,"href":"https:\/\/k-lago.beebox.de\/restaurant\/wp-json\/wp\/v2\/pages\/65"}],"wp:attachment":[{"href":"https:\/\/k-lago.beebox.de\/restaurant\/wp-json\/wp\/v2\/media?parent=383"}],"curies":[{"name":"wp","href":"https:\/\/api.w.org\/{rel}","templated":true}]}}