{"id":317,"date":"2025-07-04T14:04:18","date_gmt":"2025-07-04T12:04:18","guid":{"rendered":"https:\/\/k-lago.beebox.de\/restaurant\/?page_id=317"},"modified":"2026-03-08T11:41:24","modified_gmt":"2026-03-08T10:41:24","slug":"lago-freiburg-getraenkekarte","status":"publish","type":"page","link":"https:\/\/k-lago.beebox.de\/restaurant\/speisen-getraenke\/lago-freiburg-getraenkekarte\/","title":{"rendered":"Die Getr\u00e4nkekarte"},"content":{"rendered":"\n<div class=\"et_pb_section_0 et_pb_section et_pb_fullwidth_section et_section_regular et_block_section\"><section class=\"et_pb_fullwidth_header_0 et_pb_fullwidth_header et_pb_fullscreen et_pb_bg_layout_dark et_pb_text_align_center et_pb_section_parallax et_pb_module et_flex_module\"><span class=\"et-pb-parallax-wrapper\"><span class=\"et-pb-parallax-background et-pb-parallax-background-module--divi-fullwidth-header-0\" style=\"background-image:url(https:\/\/k-lago.beebox.de\/restaurant\/wp-content\/uploads\/2025\/07\/Pexels-423868104-16716138-Eiswuerfel-fallen-in-Limonade-Aidin-Gheshlaghi-B1920xH1080px.jpg)\"><\/span><\/span><div class=\"et_pb_fullwidth_header_container center\"><div class=\"header-content-container center\"><div class=\"header-content et_flex_module\"><h1 class=\"et_pb_module_header\">F\u00fcr jeden Durst die richtige L\u00f6schung<\/h1><div class=\"et_pb_header_button_wrapper\"><\/div><\/div><\/div><\/div><div class=\"et_pb_fullwidth_header_overlay\"><\/div><div class=\"et_pb_fullwidth_header_scroll\"><a class=\"scroll-down-container\" href=\"#\"><span class=\"scroll-down et-pb-icon\">;<\/span><\/a><\/div><\/section><\/div><div class=\"et_pb_section_1 et_pb_section et_section_regular et_block_section\"><div class=\"et_pb_row_0 et_pb_row et_pb_gutters4 et_block_row\"><div class=\"et_pb_column_0 et_pb_column et_pb_column_2_5 et_block_column et_pb_css_mix_blend_mode_passthrough\"><div class=\"et_pb_text_0 et_pb_text et_pb_bg_layout_light et_pb_module et_block_module\"><div class=\"et_pb_text_inner\"><h1>Das richtige Getr\u00e4nk zur richtigen Zeit<\/h1>\n<p>Entdecken Sie unsere vielf\u00e4ltige Getr\u00e4nkekarte, die f\u00fcr jeden Geschmack das Richtige bereith\u00e4lt. Ob erfrischende Softdrinks, edle Weine, ein herbes Pils oder die belebende Tasse Kaffee \u2013 wir freuen uns, Sie bei uns verw\u00f6hnen zu d\u00fcrfen.<\/p>\n<\/div><\/div><div class=\"et_pb_module et_pb_button_module_wrapper et_pb_button_0_wrapper preset--module--divi-button--default_wrapper\"><a class=\"et_pb_button_0 et_pb_button et_pb_bg_layout_light et_animated et_pb_module et_block_module preset--module--divi-button--default\" href=\"https:\/\/k-lago.beebox.de\/restaurant\/kontakt-anfahrt\/#sektion-reservierung\">Tisch reservieren<\/a><\/div><div class=\"et_pb_module et_d4_element et_pb_image et_pb_image_0 et_animated et-waypoint\">\n\t\t\t\t\n\t\t\t\t\n\t\t\t\t\n\t\t\t\t\n\t\t\t\t<span class=\"et_pb_image_wrap \"><img loading=\"lazy\" decoding=\"async\" width=\"1920\" height=\"1080\" src=\"https:\/\/k-lago.beebox.de\/restaurant\/wp-content\/uploads\/2025\/07\/Unsplash-tzFMs6IK-ds-Kaffeetasse-mit-Wasserglas-Markus-Spiske-B1920xH1080px.jpg\" alt=\"Kaffeetasse und Wasserglas\" title=\"Kaffeetasse und Wasserglas\" srcset=\"https:\/\/k-lago.beebox.de\/restaurant\/wp-content\/uploads\/2025\/07\/Unsplash-tzFMs6IK-ds-Kaffeetasse-mit-Wasserglas-Markus-Spiske-B1920xH1080px.jpg 1920w, https:\/\/k-lago.beebox.de\/restaurant\/wp-content\/uploads\/2025\/07\/Unsplash-tzFMs6IK-ds-Kaffeetasse-mit-Wasserglas-Markus-Spiske-B1920xH1080px-1280x720.jpg 1280w, https:\/\/k-lago.beebox.de\/restaurant\/wp-content\/uploads\/2025\/07\/Unsplash-tzFMs6IK-ds-Kaffeetasse-mit-Wasserglas-Markus-Spiske-B1920xH1080px-980x551.jpg 980w, https:\/\/k-lago.beebox.de\/restaurant\/wp-content\/uploads\/2025\/07\/Unsplash-tzFMs6IK-ds-Kaffeetasse-mit-Wasserglas-Markus-Spiske-B1920xH1080px-480x270.jpg 480w\" sizes=\"(min-width: 0px) and (max-width: 480px) 480px, (min-width: 481px) and (max-width: 980px) 980px, (min-width: 981px) and (max-width: 1280px) 1280px, (min-width: 1281px) 1920px, 100vw\" class=\"wp-image-346\" \/><\/span>\n\t\t\t<\/div><div class=\"et_pb_module et_d4_element et_pb_image et_pb_image_1 et_animated et-waypoint\">\n\t\t\t\t\n\t\t\t\t\n\t\t\t\t\n\t\t\t\t\n\t\t\t\t<span class=\"et_pb_image_wrap \"><img loading=\"lazy\" decoding=\"async\" width=\"1920\" height=\"1080\" src=\"https:\/\/k-lago.beebox.de\/restaurant\/wp-content\/uploads\/2025\/07\/771A9117-Grauburgunder-B1920xH1080px.jpg\" alt=\"Men\u00fc mit Grauburgunder\" title=\"Men\u00fc mit Grauburgunder\" srcset=\"https:\/\/k-lago.beebox.de\/restaurant\/wp-content\/uploads\/2025\/07\/771A9117-Grauburgunder-B1920xH1080px.jpg 1920w, https:\/\/k-lago.beebox.de\/restaurant\/wp-content\/uploads\/2025\/07\/771A9117-Grauburgunder-B1920xH1080px-1280x720.jpg 1280w, https:\/\/k-lago.beebox.de\/restaurant\/wp-content\/uploads\/2025\/07\/771A9117-Grauburgunder-B1920xH1080px-980x551.jpg 980w, https:\/\/k-lago.beebox.de\/restaurant\/wp-content\/uploads\/2025\/07\/771A9117-Grauburgunder-B1920xH1080px-480x270.jpg 480w\" sizes=\"(min-width: 0px) and (max-width: 480px) 480px, (min-width: 481px) and (max-width: 980px) 980px, (min-width: 981px) and (max-width: 1280px) 1280px, (min-width: 1281px) 1920px, 100vw\" class=\"wp-image-136\" \/><\/span>\n\t\t\t<\/div><\/div><div class=\"et_pb_column_1 et_pb_column et_pb_column_3_5 et-last-child et_block_column et_pb_css_mix_blend_mode_passthrough\"><div class=\"et_pb_accordion_0 et_pb_accordion et_pb_module et_block_module preset--module--divi-accordion--default\"><div class=\"et_pb_accordion_item_0 et_pb_accordion_item et_pb_toggle et_pb_module et_pb_toggle_open et_block_module\"><h5 class=\"et_pb_toggle_title\">Hei\u00dfe Getr\u00e4nke<\/h5><div class=\"et_pb_toggle_content\"><table class=\"table\" border=\"0\">\n<tbody>\n<tr>\n<td><strong>Tasse Kaffee<\/strong><\/td>\n<td align=\"right\">3.50\u00a0\u20ac<\/td>\n<\/tr>\n<tr>\n<td><strong>Tasse Kaffee entkoffeiniert<\/strong><\/td>\n<td align=\"right\">3.50\u00a0\u20ac<\/td>\n<\/tr>\n<tr>\n<td><strong>K\u00e4nnchen Kaffee<\/strong><\/td>\n<td align=\"right\">6.50\u00a0\u20ac<\/td>\n<\/tr>\n<tr>\n<td><strong>K\u00e4nnchen Kaffee entkoffeiniert<\/strong><\/td>\n<td align=\"right\">6.50\u00a0\u20ac<\/td>\n<\/tr>\n<tr>\n<td><strong>Espresso<\/strong><\/td>\n<td align=\"right\">2.70\u00a0\u20ac<\/td>\n<\/tr>\n<tr>\n<td><strong>Doppelter Espresso<\/strong><\/td>\n<td align=\"right\">4.90\u00a0\u20ac<\/td>\n<\/tr>\n<tr>\n<td><strong>Espresso Macchiatto<\/strong><\/td>\n<td align=\"right\">2.90\u00a0\u20ac<\/td>\n<\/tr>\n<tr>\n<td><strong>Cappuccino<\/strong><\/td>\n<td align=\"right\">3.80\u00a0\u20ac<\/td>\n<\/tr>\n<tr>\n<td><strong>Latte Macchiatto<\/strong><\/td>\n<td align=\"right\">4.50\u00a0\u20ac<\/td>\n<\/tr>\n<tr>\n<td><strong>Schokoccino<\/strong><\/td>\n<td align=\"right\">5.00\u00a0\u20ac<\/td>\n<\/tr>\n<tr>\n<td><strong>Milchkaffee<\/strong><\/td>\n<td align=\"right\">4.50\u00a0\u20ac<\/td>\n<\/tr>\n<tr>\n<td><strong>Kakao mit Milch<\/strong><\/td>\n<td align=\"right\">4.50\u00a0\u20ac<\/td>\n<\/tr>\n<tr>\n<td><strong>Kakao mit Milch und Sahne<\/strong><\/td>\n<td align=\"right\">5.20\u00a0\u20ac<\/td>\n<\/tr>\n<tr>\n<td><strong>Ovomaltine mit Milch<\/strong><\/td>\n<td align=\"right\">4.80\u00a0\u20ac<\/td>\n<\/tr>\n<tr>\n<td><strong>Ovomaltine mit Milch und Sahne<\/strong><\/td>\n<td align=\"right\">5.40\u00a0\u20ac<\/td>\n<\/tr>\n<tr>\n<td><strong>Irish Coffee<\/strong><br \/>\nKaffee mit Jack Daniels<\/td>\n<td align=\"right\">7.50\u00a0\u20ac<\/td>\n<\/tr>\n<tr>\n<td><strong>Russische Schokolade<\/strong><br \/>\nKakao mit Rum<\/td>\n<td align=\"right\">7.50\u00a0\u20ac<\/td>\n<\/tr>\n<tr>\n<td><strong>Gl\u00fchwein<\/strong><\/td>\n<td align=\"right\">4.00\u00a0\u20ac<\/td>\n<\/tr>\n<\/tbody>\n<\/table>\n<\/div><\/div><div class=\"et_pb_accordion_item_1 et_pb_accordion_item et_pb_toggle et_pb_module et_pb_toggle_close et_block_module\"><h5 class=\"et_pb_toggle_title\">Tee<\/h5><div class=\"et_pb_toggle_content\"><table class=\"table\" border=\"0\">\n<tbody>\n<tr>\n<td><strong>Assam Tee<\/strong><br \/>\nw\u00fcrzig<\/td>\n<td align=\"right\">3.80&nbsp;\u20ac<\/td>\n<\/tr>\n<tr>\n<td><strong>Darjeeling Tee<\/strong><br \/>\nweich<\/td>\n<td align=\"right\">3.80&nbsp;\u20ac<\/td>\n<\/tr>\n<tr>\n<td><strong>Earl Grey Tee<\/strong><br \/>\nkr\u00e4ftig<\/td>\n<td align=\"right\">3.80&nbsp;\u20ac<\/td>\n<\/tr>\n<tr>\n<td><strong>Tee - weitere Sorten<\/strong><br \/>\nz.B. Mandarine-Ingwer, Fr\u00fcchte, Minze, Gr\u00fcn, F\u00fcnf-Kr\u00e4uter, Rooibush-Vanille<\/td>\n<td align=\"right\">3.80&nbsp;\u20ac<\/td>\n<\/tr>\n<tr>\n<td><strong>Tee mit Rum<\/strong><\/td>\n<td align=\"right\">6.20&nbsp;\u20ac<\/td>\n<\/tr>\n<\/tbody>\n<\/table>\n<\/div><\/div><div class=\"et_pb_accordion_item_2 et_pb_accordion_item et_pb_toggle et_pb_module et_pb_toggle_close et_block_module\"><h5 class=\"et_pb_toggle_title\">Alkoholfreie Getr\u00e4nke<\/h5><div class=\"et_pb_toggle_content\"><table class=\"table\">\n<tbody>\n<tr>\n<td>\u00a0<\/td>\n<td><strong>0,2l<\/strong><\/td>\n<td><strong>0,4l<\/strong><\/td>\n<\/tr>\n<tr>\n<td><strong>Tafelwasser<\/strong><\/td>\n<td align=\"right\">3.20\u20ac<\/td>\n<td align=\"right\">4.20\u20ac<\/td>\n<\/tr>\n<tr>\n<td><strong>Sprite<\/strong><\/td>\n<td align=\"right\">3.60\u20ac<\/td>\n<td align=\"right\">5.00\u20ac<\/td>\n<\/tr>\n<tr>\n<td><strong>Fanta<\/strong><\/td>\n<td align=\"right\">3.60\u20ac<\/td>\n<td align=\"right\">5.00\u20ac<\/td>\n<\/tr>\n<tr>\n<td><strong>Coca-Cola<\/strong><\/td>\n<td align=\"right\">3.60\u20ac<\/td>\n<td align=\"right\">5.00\u20ac<\/td>\n<\/tr>\n<tr>\n<td><strong>Mezzo-Mix<\/strong><\/td>\n<td align=\"right\">3.60\u20ac<\/td>\n<td align=\"right\">5.00\u20ac<\/td>\n<\/tr>\n<tr>\n<td><strong>Apfelsaftschorle<\/strong><\/td>\n<td align=\"right\">3.60\u20ac<\/td>\n<td align=\"right\">5.00\u20ac<\/td>\n<\/tr>\n<tr>\n<td><strong>Orangensaftschorle<\/strong><\/td>\n<td align=\"right\">3.80\u20ac<\/td>\n<td align=\"right\">5.20\u20ac<\/td>\n<\/tr>\n<tr>\n<td><strong>Apfelsaft<\/strong><\/td>\n<td align=\"right\">3.80\u20ac<\/td>\n<td align=\"right\">5.40\u20ac<\/td>\n<\/tr>\n<tr>\n<td><strong>Holunderbl\u00fctenlimonade<\/strong><\/td>\n<td align=\"right\">3.60\u20ac<\/td>\n<td align=\"right\">5.00\u20ac<\/td>\n<\/tr>\n<tr>\n<td><strong>Ebner Orangensaft<\/strong><\/td>\n<td align=\"right\">3.80\u20ac<\/td>\n<td align=\"right\">5.40\u20ac<\/td>\n<\/tr>\n<tr>\n<td><strong>S\u00e4fte und Nektar von Ebner oder Jacoby<\/strong><br \/>verschiedene Sorten:<br \/>Grapefruit, Kirsch, Bananen-Nektar, Maracuja-Nektar, Multi-Vitamin-Nektar, Rhabarber-Nektar, Schwarzer Johannisbeer-Nektar<\/td>\n<td align=\"right\">3.80\u20ac<\/td>\n<td align=\"right\">5.40\u20ac<\/td>\n<\/tr>\n<tr>\n<td><strong>Saft-Schorle<\/strong><\/td>\n<td align=\"right\">3.80\u20ac<\/td>\n<td align=\"right\">5.20\u20ac<\/td>\n<\/tr>\n<tr>\n<td><strong>Bad D\u00fcrrheimer medium exclusiv<\/strong><br \/>Mineralwasser, Flasche 0,25l<\/td>\n<td align=\"right\">\u00a0<\/td>\n<td align=\"right\">3.60\u20ac<\/td>\n<\/tr>\n<tr>\n<td><strong>Bad D\u00fcrrheimer still exclusiv<\/strong><br \/>Mineralwasser, Flasche 0,25l<\/td>\n<td align=\"right\">\u00a0<\/td>\n<td align=\"right\">3.60\u20ac<\/td>\n<\/tr>\n<tr>\n<td><strong>Bad D\u00fcrrheimer medium exclusiv<\/strong><br \/>Mineralwasser, Flasche 0,5l<\/td>\n<td align=\"right\">\u00a0<\/td>\n<td align=\"right\">4.60\u20ac<\/td>\n<\/tr>\n<tr>\n<td><strong>Bad D\u00fcrrheimer still exclusiv<\/strong><br \/>Mineralwasser, Flasche 0,5l<\/td>\n<td align=\"right\">\u00a0<\/td>\n<td align=\"right\">4.60\u20ac<\/td>\n<\/tr>\n<tr>\n<td><strong>Coca-Cola zero<\/strong><br \/>Flasche 0,33l<\/td>\n<td align=\"right\">\u00a0<\/td>\n<td align=\"right\">4.40\u20ac<\/td>\n<\/tr>\n<tr>\n<td><strong>Schweppes Bitter Lemon<\/strong><br \/>Flasche 0,2l<\/td>\n<td align=\"right\">\u00a0<\/td>\n<td align=\"right\">3.80\u20ac<\/td>\n<\/tr>\n<tr>\n<td><strong>Schweppes Tonic Water<\/strong><br \/>Flasche 0,2l<\/td>\n<td align=\"right\">\u00a0<\/td>\n<td align=\"right\">3.80\u20ac<\/td>\n<\/tr>\n<tr>\n<td><strong>Orangina<\/strong><br \/>Flasche 0,25l<\/td>\n<td align=\"right\">\u00a0<\/td>\n<td align=\"right\">3.80\u20ac<\/td>\n<\/tr>\n<tr>\n<td><strong>Bionade<\/strong><br \/>verschieden Sorten:<br \/>Holunder, Blutorange naturtr\u00fcb, Lemon naturtr\u00fcb<br \/>Flasche 0,33l<\/td>\n<td align=\"right\">\u00a0<\/td>\n<td align=\"right\">4.40\u20ac<\/td>\n<\/tr>\n<\/tbody>\n<\/table>\n<\/div><\/div><div class=\"et_pb_accordion_item_3 et_pb_accordion_item et_pb_toggle et_pb_module et_pb_toggle_close et_block_module\"><h5 class=\"et_pb_toggle_title\">Biere vom Fass<\/h5><div class=\"et_pb_toggle_content\"><table class=\"table\">\n<tbody>\n<tr>\n<td><strong>Ganter Privat Pils<\/strong><\/td>\n<td align=\"right\">0,3l<\/td>\n<td align=\"right\">4.40\u20ac<\/td>\n<\/tr>\n<tr>\n<td><strong>Ganter Privat Pils<\/strong><\/td>\n<td align=\"right\">0,4l<\/td>\n<td align=\"right\">5.10\u20ac<\/td>\n<\/tr>\n<tr>\n<td><strong>Ganter im Steinkrug<\/strong><\/td>\n<td align=\"right\">0,5l<\/td>\n<td align=\"right\">5.80\u20ac<\/td>\n<\/tr>\n<tr>\n<td><strong>Ganter Export<\/strong><\/td>\n<td align=\"right\">0,3l<\/td>\n<td align=\"right\">4.40\u20ac<\/td>\n<\/tr>\n<tr>\n<td><strong>Ganter Export<\/strong><\/td>\n<td align=\"right\">0,4l<\/td>\n<td align=\"right\">5.10\u20ac<\/td>\n<\/tr>\n<tr>\n<td><strong>Radler<\/strong><\/td>\n<td align=\"right\">0,3l<\/td>\n<td align=\"right\">4.40\u20ac<\/td>\n<\/tr>\n<tr>\n<td><strong>Radler<\/strong><\/td>\n<td align=\"right\">0,4l<\/td>\n<td align=\"right\">5.10\u20ac<\/td>\n<\/tr>\n<tr>\n<td><strong>Ganter Badisch Hell<\/strong><\/td>\n<td align=\"right\">0,3l<\/td>\n<td align=\"right\">4.60\u20ac<\/td>\n<\/tr>\n<tr>\n<td><strong>Ganter Badisch Hell<\/strong><\/td>\n<td align=\"right\">0,5l<\/td>\n<td align=\"right\">5.80\u20ac<\/td>\n<\/tr>\n<tr>\n<td><strong>Urtrunk, naturtr\u00fcbes Pils<\/strong><\/td>\n<td align=\"right\">0,3l<\/td>\n<td align=\"right\">4.60\u20ac<\/td>\n<\/tr>\n<tr>\n<td><strong>Urtrunk im Steinkrug<\/strong><\/td>\n<td align=\"right\">0,5l<\/td>\n<td align=\"right\">5.80\u20ac<\/td>\n<\/tr>\n<tr>\n<td><strong>Hefeweizen hell<\/strong><\/td>\n<td align=\"right\">0,3l<\/td>\n<td align=\"right\">4.60\u20ac<\/td>\n<\/tr>\n<tr>\n<td><strong>Hefeweizen hell<\/strong><\/td>\n<td align=\"right\">0,5l<\/td>\n<td align=\"right\">5.80\u20ac<\/td>\n<\/tr>\n<\/tbody>\n<\/table>\n<\/div><\/div><div class=\"et_pb_accordion_item_4 et_pb_accordion_item et_pb_toggle et_pb_module et_pb_toggle_close et_block_module\"><h5 class=\"et_pb_toggle_title\">Flaschenbiere<\/h5><div class=\"et_pb_toggle_content\"><table class=\"table\">\n<tbody>\n<tr>\n<td><strong>Freiburger Bierle<\/strong><\/td>\n<td align=\"right\">0,33l Flasche<\/td>\n<td align=\"right\">4.40\u20ac<\/td>\n<\/tr>\n<tr>\n<td><strong>Ganter Kristallweizen<\/strong><\/td>\n<td align=\"right\">0,5l Flasche<\/td>\n<td align=\"right\">5.50\u20ac<\/td>\n<\/tr>\n<tr>\n<td><strong>Ganter Hefeweizen dunkel<\/strong><\/td>\n<td align=\"right\">0,5l Flasche<\/td>\n<td align=\"right\">5.50\u20ac<\/td>\n<\/tr>\n<tr>\n<td><strong>Ganter Hefeweizen alkoholfrei<\/strong><\/td>\n<td align=\"right\">0,5l Flasche<\/td>\n<td align=\"right\">5.50\u20ac<\/td>\n<\/tr>\n<tr>\n<td><strong>Freiburger Bierle alkoholfrei<\/strong><\/td>\n<td align=\"right\">0,33l Flasche<\/td>\n<td align=\"right\">4.40\u20ac<\/td>\n<\/tr>\n<\/tbody>\n<\/table>\n<\/div><\/div><div class=\"et_pb_accordion_item_5 et_pb_accordion_item et_pb_toggle et_pb_module et_pb_toggle_close et_block_module\"><h5 class=\"et_pb_toggle_title\">Badische Weine<\/h5><div class=\"et_pb_toggle_content\"><table class=\"table\">\n<tbody>\n<tr>\n<td><strong>M\u00fcller-Thurgau trocken <\/strong><\/td>\n<td align=\"right\">0,2l<\/td>\n<td align=\"right\">5.50\u20ac<\/td>\n<\/tr>\n<tr>\n<td><strong>Weingut Heinemann:<br \/>\nGutedel trocken<\/strong><br \/>\nleicht und unkompliziert, zartes Bukett<\/td>\n<td align=\"right\">0,2l<\/td>\n<td align=\"right\">6.20\u20ac<\/td>\n<\/tr>\n<tr>\n<td><strong>Weinschorle<\/strong><br \/>\nmit Qualit\u00e4tswein<\/td>\n<td align=\"right\">0,2l<\/td>\n<td align=\"right\">4.20\u20ac<\/td>\n<\/tr>\n<tr>\n<td><strong>M\u00fcller-Thurgau nass<\/strong><br \/>\nfrisch und elegant, zartes Muskatbukett<\/td>\n<td align=\"right\">0,2l<\/td>\n<td align=\"right\">5.50\u20ac<\/td>\n<\/tr>\n<tr>\n<td><strong>Riesling trocken<\/strong><br \/>\ntrocken, leichte Zitrusnote, feines Bukett<\/td>\n<td align=\"right\">0,2l<\/td>\n<td align=\"right\">6.80\u20ac<\/td>\n<\/tr>\n<tr>\n<td><strong>Wei\u00dfburgunder<\/strong><br \/>\ntrocken,schlank, s\u00e4urebetont, mit zartem Apfelbukett<\/td>\n<td align=\"right\">0,2l<\/td>\n<td align=\"right\">7.50\u20ac<\/td>\n<\/tr>\n<tr>\n<td><strong>Sauvignon blanc Kalkstein<\/strong><br \/>\ntrocken, intensive Aromen von Sachelbeeren, Cassis und Limette, elegante S\u00e4ure<\/td>\n<td align=\"right\">0,2l<\/td>\n<td align=\"right\">8.50\u20ac<\/td>\n<\/tr>\n<tr>\n<td><strong>Weingut Hiss:<br \/>\nGrauburgunder Kabinett trocken<\/strong><br \/>\nausgepr\u00e4gt fruchtig und harmonisch<\/td>\n<td align=\"right\">0,2l<\/td>\n<td align=\"right\">7.50\u20ac<\/td>\n<\/tr>\n<tr>\n<td><strong>Sp\u00e4tburgunder Ros\u00e9<\/strong><br \/>\ntrocken, frisch und fruchtig, mit feinem Erdbeerduft<\/td>\n<td align=\"right\">0,2l<\/td>\n<td align=\"right\">7.50\u20ac<\/td>\n<\/tr>\n<tr>\n<td><strong>Sp\u00e4tburgunder Rotwein trocken<\/strong><br \/>\nweich und samtig, kr\u00e4ftig im Abgang<\/td>\n<td align=\"right\">0,2l<\/td>\n<td align=\"right\">7.50\u20ac<\/td>\n<\/tr>\n<\/tbody>\n<\/table>\n<\/div><\/div><div class=\"et_pb_accordion_item_6 et_pb_accordion_item et_pb_toggle et_pb_module et_pb_toggle_close et_block_module\"><h5 class=\"et_pb_toggle_title\">Franz\u00f6sische Weine<\/h5><div class=\"et_pb_toggle_content\"><table class=\"table\">\n<tbody>\n<tr>\n<td><strong>Landwein rot trocken<\/strong><\/td>\n<td align=\"right\">0,2l<\/td>\n<td align=\"right\">5.20\u20ac<\/td>\n<\/tr>\n<tr>\n<td><strong>Merlot \u2013 biologischer Anbau \u2013<\/strong><br \/>w\u00fcrzig mit Brombeerfruchtnoten<\/td>\n<td align=\"right\">0,2l<\/td>\n<td align=\"right\">6.50\u20ac<\/td>\n<\/tr>\n<tr>\n<td><strong>Bordeaux Sup\u00e9rieur<br \/>Ch\u00e2teau Jonqueyres<\/strong><br \/>sehr fein und kr\u00e4ftig, w\u00fcrziges Bukett<\/td>\n<td align=\"right\">0,2l<\/td>\n<td align=\"right\">8.80\u20ac<\/td>\n<\/tr>\n<\/tbody>\n<\/table>\n<\/div><\/div><div class=\"et_pb_accordion_item_7 et_pb_accordion_item et_pb_toggle et_pb_module et_pb_toggle_close et_block_module\"><h5 class=\"et_pb_toggle_title\">Spanische Weine<\/h5><div class=\"et_pb_toggle_content\"><table class=\"table\">\n<tbody>\n<tr>\n<td><strong>Rioja Crianza<\/strong><br \/>\nfruchtig und leicht, mit Himbeerbukett, wenig S\u00e4ure<\/td>\n<td align=\"right\">0,2l<\/td>\n<td align=\"right\">7.50\u20ac<\/td>\n<\/tr>\n<\/tbody>\n<\/table>\n<\/div><\/div><div class=\"et_pb_accordion_item_8 et_pb_accordion_item et_pb_toggle et_pb_module et_pb_toggle_close et_block_module\"><h5 class=\"et_pb_toggle_title\">Italienische Weine<\/h5><div class=\"et_pb_toggle_content\"><table class=\"table\">\n<tbody>\n<tr>\n<td><strong>Chianti DOCG<\/strong><br \/>\nharmonisch und ausdrucksvoll am Gaumen, Aromen von Johannisbeeren, rubinrote Farbe<\/td>\n<td align=\"right\">0,2l<\/td>\n<td align=\"right\">8.50\u20ac<\/td>\n<\/tr>\n<tr>\n<td><strong>I Muri Primitivo Puglia IGP<\/strong><br \/>\nintensive Aromen von roten Fr\u00fcchten und Gew\u00fcrzen, sehr harmonisch mit viel Tannin<\/td>\n<td align=\"right\">0,2l<\/td>\n<td align=\"right\">7.50\u20ac<\/td>\n<\/tr>\n<\/tbody>\n<\/table>\n<\/div><\/div><div class=\"et_pb_accordion_item_9 et_pb_accordion_item et_pb_toggle et_pb_module et_pb_toggle_close et_block_module\"><h5 class=\"et_pb_toggle_title\">Flaschenweine<\/h5><div class=\"et_pb_toggle_content\"><table class=\"table\">\n<tbody>\n<tr>\n<td><strong>Syrah IGP<\/strong><br \/>\nfrische Fruchtnoten mit Cassis, Brombeeren und Pfeffer, sch\u00f6ne erdige T\u00f6ne von feiner S\u00e4ure getragen<\/td>\n<td align=\"right\">Flasche 0,75l<\/td>\n<td align=\"right\">8.50\u20ac<\/td>\n<\/tr>\n<tr>\n<td><strong>Costa di Bussia<br \/>\nBarbera d'Alba DOC<\/strong><br \/>\nrubinrot mit Duftnoten von Erdbeeren und Kirschen, weich und rund<\/td>\n<td align=\"right\">Flasche 0,75l<\/td>\n<td align=\"right\">28.00\u20ac<\/td>\n<\/tr>\n<\/tbody>\n<\/table>\n<\/div><\/div><div class=\"et_pb_accordion_item_10 et_pb_accordion_item et_pb_toggle et_pb_module et_pb_toggle_close et_block_module\"><h5 class=\"et_pb_toggle_title\">Prosecco & Sekt<\/h5><div class=\"et_pb_toggle_content\"><table class=\"table\">\n<tbody>\n<tr>\n<td><strong>Hiss Winzersekt, trocken<\/strong><\/td>\n<td align=\"right\">Glas 0,1l<\/td>\n<td align=\"right\">4.80<\/td>\n<\/tr>\n<tr>\n<td><strong>Hiss Winzersekt Orange<\/strong><\/td>\n<td align=\"right\">Glas 0,1l<\/td>\n<td align=\"right\">4.80<\/td>\n<\/tr>\n<tr>\n<td><strong>Hiss Winzersekt, trocken<\/strong><\/td>\n<td align=\"right\">Flasche 0,75l<\/td>\n<td align=\"right\">29.00<\/td>\n<\/tr>\n<tr>\n<td><strong>Hiss Secco Piccolo<\/strong><\/td>\n<td align=\"right\">Flasche 0,2l<\/td>\n<td align=\"right\">8.80<\/td>\n<\/tr>\n<\/tbody>\n<\/table>\n<\/div><\/div><div class=\"et_pb_accordion_item_11 et_pb_accordion_item et_pb_toggle et_pb_module et_pb_toggle_close et_block_module\"><h5 class=\"et_pb_toggle_title\">Longdrinks<\/h5><div class=\"et_pb_toggle_content\"><table class=\"table\">\n<tbody>\n<tr>\n<td>Pernod\/Pastis<\/td>\n<td align=\"right\">4cl<\/td>\n<td align=\"right\">5.80\u20ac<\/td>\n<\/tr>\n<tr>\n<td>Campari Orange<\/td>\n<td align=\"right\">4cl<\/td>\n<td align=\"right\">7.80\u20ac<\/td>\n<\/tr>\n<tr>\n<td>Bacardi Rum Cola<\/td>\n<td align=\"right\">4cl<\/td>\n<td align=\"right\">7.80\u20ac<\/td>\n<\/tr>\n<tr>\n<td>Wodka Lemon<\/td>\n<td align=\"right\">4cl<\/td>\n<td align=\"right\">7.80\u20ac<\/td>\n<\/tr>\n<tr>\n<td>Gin Tonic<\/td>\n<td align=\"right\">4cl<\/td>\n<td align=\"right\">7.80\u20ac<\/td>\n<\/tr>\n<tr>\n<td>Whisky Cola<\/td>\n<td align=\"right\">4cl<\/td>\n<td align=\"right\">9.50\u20ac<\/td>\n<\/tr>\n<\/tbody>\n<\/table>\n<\/div><\/div><div class=\"et_pb_accordion_item_12 et_pb_accordion_item et_pb_toggle et_pb_module et_pb_toggle_close et_block_module\"><h5 class=\"et_pb_toggle_title\">Aperitiv<\/h5><div class=\"et_pb_toggle_content\"><table class=\"table\">\n<tbody>\n<tr>\n<td><strong>Kir Royal<\/strong><\/td>\n<td align=\"right\">0,1l<\/td>\n<td align=\"right\">5.00\u20ac<\/td>\n<\/tr>\n<tr>\n<td><strong>Holunderbl\u00fctensekt<\/strong><\/td>\n<td align=\"right\">0,1l<\/td>\n<td align=\"right\">5.00\u20ac<\/td>\n<\/tr>\n<tr>\n<td><strong>Martini bianco<\/strong><\/td>\n<td align=\"right\">5cl<\/td>\n<td align=\"right\">5.80\u20ac<\/td>\n<\/tr>\n<tr>\n<td><strong>Martini rosso<\/strong><\/td>\n<td align=\"right\">5cl<\/td>\n<td align=\"right\">5.80\u20ac<\/td>\n<\/tr>\n<tr>\n<td><strong>Sherry Sandemann dry<\/strong><\/td>\n<td align=\"right\">5cl<\/td>\n<td align=\"right\">5.80\u20ac<\/td>\n<\/tr>\n<tr>\n<td><strong>Aperol Sprizz<\/strong><\/td>\n<td align=\"right\">0,25l<\/td>\n<td align=\"right\">8.50\u20ac<\/td>\n<\/tr>\n<\/tbody>\n<\/table>\n<\/div><\/div><div class=\"et_pb_accordion_item_13 et_pb_accordion_item et_pb_toggle et_pb_module et_pb_toggle_close et_block_module\"><h5 class=\"et_pb_toggle_title\">Digestiv<\/h5><div class=\"et_pb_toggle_content\"><table class=\"table\">\n<tbody>\n<tr>\n<td><strong>Ramazotti auf Eis<\/strong><\/td>\n<td align=\"right\">2cl<\/td>\n<td align=\"right\">3.80\u20ac<\/td>\n<\/tr>\n<tr>\n<td><strong>Fernet Branca<\/strong><\/td>\n<td align=\"right\">2cl<\/td>\n<td align=\"right\">3.80\u20ac<\/td>\n<\/tr>\n<tr>\n<td><strong>Asbach Uralt<\/strong><\/td>\n<td align=\"right\">2cl<\/td>\n<td align=\"right\">3.80\u20ac<\/td>\n<\/tr>\n<tr>\n<td><strong>Remy Martin<\/strong><\/td>\n<td align=\"right\">2cl<\/td>\n<td align=\"right\">5.80\u20ac<\/td>\n<\/tr>\n<tr>\n<td><strong>Ouzo<\/strong><\/td>\n<td align=\"right\">2cl<\/td>\n<td align=\"right\">3.50\u20ac<\/td>\n<\/tr>\n<tr>\n<td><strong>Kirschwasser<\/strong><\/td>\n<td align=\"right\">2cl<\/td>\n<td align=\"right\">3.80\u20ac<\/td>\n<\/tr>\n<tr>\n<td><strong>Williams-Christ<\/strong><\/td>\n<td align=\"right\">2cl<\/td>\n<td align=\"right\">3.80\u20ac<\/td>\n<\/tr>\n<tr>\n<td><strong>Weinhefe<\/strong><\/td>\n<td align=\"right\">2cl<\/td>\n<td align=\"right\">3.20\u20ac<\/td>\n<\/tr>\n<tr>\n<td><strong>Sambucca<\/strong><\/td>\n<td align=\"right\">2cl<\/td>\n<td align=\"right\">3.80\u20ac<\/td>\n<\/tr>\n<tr>\n<td><strong>Tequilla silber\/gold<\/strong><\/td>\n<td align=\"right\">2cl<\/td>\n<td align=\"right\">3.80\u20ac<\/td>\n<\/tr>\n<tr>\n<td><strong>Jack Daniels<\/strong><\/td>\n<td align=\"right\">2cl<\/td>\n<td align=\"right\">4.80\u20ac<\/td>\n<\/tr>\n<tr>\n<td><strong>Smirnoff Wodka<\/strong><\/td>\n<td align=\"right\">2cl<\/td>\n<td align=\"right\">3.80\u20ac<\/td>\n<\/tr>\n<tr>\n<td><strong>Baileys Irish Cream<\/strong><\/td>\n<td align=\"right\">2cl<\/td>\n<td align=\"right\">3.80\u20ac<\/td>\n<\/tr>\n<\/tbody>\n<\/table>\n<\/div><\/div><\/div><\/div><\/div><\/div>\n","protected":false},"excerpt":{"rendered":"","protected":false},"author":2,"featured_media":0,"parent":65,"menu_order":7,"comment_status":"closed","ping_status":"closed","template":"","meta":{"_seopress_robots_primary_cat":"","_seopress_titles_title":"","_seopress_titles_desc":"","_seopress_robots_index":"","_seopress_analysis_target_kw":"","_et_pb_use_builder":"on","_et_pb_old_content":"","_et_gb_content_width":"","footnotes":""},"class_list":["post-317","page","type-page","status-publish","hentry"],"dsm_author":{"name":"Danny","avatar_url":"https:\/\/secure.gravatar.com\/avatar\/2e44fae07d5f2b8121259c17704a53eaf8d96f8465b91dc2c82bfe3dec0dc975?s=96&d=mm&r=g","archive_link":"https:\/\/k-lago.beebox.de\/restaurant\/author\/bbxadmin\/","biodata":""},"dsm_categories":[],"dsm_attachment_categories":[],"dsm_featured_image":null,"dsm_comment_count":0,"_links":{"self":[{"href":"https:\/\/k-lago.beebox.de\/restaurant\/wp-json\/wp\/v2\/pages\/317","targetHints":{"allow":["GET"]}}],"collection":[{"href":"https:\/\/k-lago.beebox.de\/restaurant\/wp-json\/wp\/v2\/pages"}],"about":[{"href":"https:\/\/k-lago.beebox.de\/restaurant\/wp-json\/wp\/v2\/types\/page"}],"author":[{"embeddable":true,"href":"https:\/\/k-lago.beebox.de\/restaurant\/wp-json\/wp\/v2\/users\/2"}],"replies":[{"embeddable":true,"href":"https:\/\/k-lago.beebox.de\/restaurant\/wp-json\/wp\/v2\/comments?post=317"}],"version-history":[{"count":43,"href":"https:\/\/k-lago.beebox.de\/restaurant\/wp-json\/wp\/v2\/pages\/317\/revisions"}],"predecessor-version":[{"id":1276,"href":"https:\/\/k-lago.beebox.de\/restaurant\/wp-json\/wp\/v2\/pages\/317\/revisions\/1276"}],"up":[{"embeddable":true,"href":"https:\/\/k-lago.beebox.de\/restaurant\/wp-json\/wp\/v2\/pages\/65"}],"wp:attachment":[{"href":"https:\/\/k-lago.beebox.de\/restaurant\/wp-json\/wp\/v2\/media?parent=317"}],"curies":[{"name":"wp","href":"https:\/\/api.w.org\/{rel}","templated":true}]}}