{"id":309,"date":"2025-07-04T13:59:43","date_gmt":"2025-07-04T11:59:43","guid":{"rendered":"https:\/\/k-lago.beebox.de\/restaurant\/?page_id=309"},"modified":"2026-03-08T11:41:23","modified_gmt":"2026-03-08T10:41:23","slug":"lago-freiburg-kinderkarte","status":"publish","type":"page","link":"https:\/\/k-lago.beebox.de\/restaurant\/speisen-getraenke\/lago-freiburg-kinderkarte\/","title":{"rendered":"Lago f\u00fcr Kinder"},"content":{"rendered":"\n<div class=\"et_pb_section_0 et_pb_section et_pb_fullwidth_section et_section_regular et_block_section\"><section class=\"et_pb_fullwidth_header_0 et_pb_fullwidth_header et_pb_fullscreen et_pb_bg_layout_dark et_pb_text_align_center et_pb_section_parallax et_pb_module et_flex_module\"><span class=\"et-pb-parallax-wrapper\"><span class=\"et-pb-parallax-background et-pb-parallax-background-module--divi-fullwidth-header-0\" style=\"background-image:url(https:\/\/k-lago.beebox.de\/restaurant\/wp-content\/uploads\/2025\/07\/Unsplash-13F_0LJAP8E-Kind-isst-Pommes-Zhenzhong-Liu-B1920xH1080px.jpg)\"><\/span><\/span><div class=\"et_pb_fullwidth_header_container center\"><div class=\"header-content-container center\"><div class=\"header-content et_flex_module\"><h1 class=\"et_pb_module_header\">Leckeres f\u00fcr die Kleinsten<\/h1><div class=\"et_pb_header_button_wrapper\"><\/div><\/div><\/div><\/div><div class=\"et_pb_fullwidth_header_overlay\"><\/div><div class=\"et_pb_fullwidth_header_scroll\"><a class=\"scroll-down-container\" href=\"#\"><span class=\"scroll-down et-pb-icon\">;<\/span><\/a><\/div><\/section><\/div><div class=\"et_pb_section_1 et_pb_section et_section_regular et_block_section\"><div class=\"et_pb_row_0 et_pb_row et_pb_gutters4 et_block_row\"><div class=\"et_pb_column_0 et_pb_column et_pb_column_2_5 et_block_column et_pb_css_mix_blend_mode_passthrough\"><div class=\"et_pb_text_0 et_pb_text et_pb_bg_layout_light et_pb_module et_block_module\"><div class=\"et_pb_text_inner\"><h1>Im Lago ist die ganze Familie willkommen<\/h1>\n<p>Wir denken auch an unsere kleinen G\u00e4ste, damit diese sich richtig wohl f\u00fchlen. Vielleicht ist das auch der Grund, weshalb V\u00e4ter und M\u00fctter uns gerne mit ihren Kindern besuchen \u2013 und Oma und Opa freuen sich auch schon.<\/p>\n<\/div><\/div><div class=\"et_pb_module et_pb_button_module_wrapper et_pb_button_0_wrapper preset--module--divi-button--default_wrapper\"><a class=\"et_pb_button_0 et_pb_button et_pb_bg_layout_light et_animated et_pb_module et_block_module preset--module--divi-button--default\" href=\"https:\/\/k-lago.beebox.de\/restaurant\/kontakt-anfahrt\/#sektion-reservierung\">Tisch reservieren<\/a><\/div><div class=\"et_pb_image_0 et_pb_image et_animated et_pb_module et_block_module\"><span class=\"et_pb_image_wrap\"><img loading=\"lazy\" decoding=\"async\" src=\"https:\/\/k-lago.beebox.de\/restaurant\/wp-content\/uploads\/2025\/07\/Pexels-7919627-Papa-Tochter-zeigen-Zunge-Kampus-Production-B1920xH1080px.jpg\" width=\"1920\" height=\"1080\" srcset=\"https:\/\/k-lago.beebox.de\/restaurant\/wp-content\/uploads\/2025\/07\/Pexels-7919627-Papa-Tochter-zeigen-Zunge-Kampus-Production-B1920xH1080px.jpg 1920w, https:\/\/k-lago.beebox.de\/restaurant\/wp-content\/uploads\/2025\/07\/Pexels-7919627-Papa-Tochter-zeigen-Zunge-Kampus-Production-B1920xH1080px-1280x720.jpg 1280w, https:\/\/k-lago.beebox.de\/restaurant\/wp-content\/uploads\/2025\/07\/Pexels-7919627-Papa-Tochter-zeigen-Zunge-Kampus-Production-B1920xH1080px-980x551.jpg 980w, https:\/\/k-lago.beebox.de\/restaurant\/wp-content\/uploads\/2025\/07\/Pexels-7919627-Papa-Tochter-zeigen-Zunge-Kampus-Production-B1920xH1080px-480x270.jpg 480w\" sizes=\"(min-width: 0px) and (max-width: 480px) 480px, (min-width: 481px) and (max-width: 980px) 980px, (min-width: 981px) and (max-width: 1280px) 1280px, (min-width: 1281px) 1920px, 100vw\" class=\"wp-image-812\" title=\"Tochter und Vater strecken Zunge raus\" alt=\"Tochter und Vater strecken Zunge raus\" \/><\/span><\/div><\/div><div class=\"et_pb_column_1 et_pb_column et_pb_column_3_5 et-last-child et_block_column et_pb_css_mix_blend_mode_passthrough\"><div class=\"et_pb_text_1 et_pb_text et_pb_bg_layout_light et_pb_module et_block_module\"><div class=\"et_pb_text_inner\"><h3>Die Kinderkarte<\/h3>\n<table class=\"table\">\n<tbody>\n<tr>\n<td><strong>Sp\u00e4tzle<\/strong><br \/>\nmit Sauce<\/td>\n<td align=\"right\">5.00&nbsp;\u20ac<\/td>\n<\/tr>\n<tr>\n<td><strong>Pommes frites<\/strong><br \/>\nmit Ketchup \/ Mayonnaise<\/td>\n<td align=\"right\">4.50&nbsp;\u20ac<\/td>\n<\/tr>\n<tr>\n<td><strong>Drei Fischst\u00e4bchen<\/strong><br \/>\nmit bunten Blattsalaten<\/td>\n<td align=\"right\">7.80&nbsp;\u20ac<\/td>\n<\/tr>\n<tr>\n<td><strong>Drei Fischst\u00e4bchen<\/strong><br \/>\nmit Pommes frites<\/td>\n<td align=\"right\">8.80&nbsp;\u20ac<\/td>\n<\/tr>\n<tr>\n<td><strong>Tagliatelle<\/strong><br \/>\nmit Tomatensauce<\/td>\n<td align=\"right\">4.80&nbsp;\u20ac<\/td>\n<\/tr>\n<tr>\n<td><strong>Kinder-Putenschnitzel<\/strong><br \/>\nmit Pommes frites<\/td>\n<td align=\"right\">11.80&nbsp;\u20ac<\/td>\n<\/tr>\n<tr>\n<td><strong>Zwei Kartoffelpuffer<\/strong><br \/>\nmit Apfelmus<\/td>\n<td align=\"right\">4.80&nbsp;\u20ac<\/td>\n<\/tr>\n<\/tbody>\n<\/table>\n<\/div><\/div><\/div><\/div><\/div>\n","protected":false},"excerpt":{"rendered":"","protected":false},"author":2,"featured_media":0,"parent":65,"menu_order":4,"comment_status":"closed","ping_status":"closed","template":"","meta":{"_seopress_robots_primary_cat":"","_seopress_titles_title":"","_seopress_titles_desc":"","_seopress_robots_index":"","_seopress_analysis_target_kw":"","footnotes":""},"class_list":["post-309","page","type-page","status-publish","hentry"],"dsm_author":{"name":"Danny","avatar_url":"https:\/\/secure.gravatar.com\/avatar\/2e44fae07d5f2b8121259c17704a53eaf8d96f8465b91dc2c82bfe3dec0dc975?s=96&d=mm&r=g","archive_link":"https:\/\/k-lago.beebox.de\/restaurant\/author\/bbxadmin\/","biodata":""},"dsm_categories":[],"dsm_attachment_categories":[],"dsm_featured_image":null,"dsm_comment_count":0,"_links":{"self":[{"href":"https:\/\/k-lago.beebox.de\/restaurant\/wp-json\/wp\/v2\/pages\/309","targetHints":{"allow":["GET"]}}],"collection":[{"href":"https:\/\/k-lago.beebox.de\/restaurant\/wp-json\/wp\/v2\/pages"}],"about":[{"href":"https:\/\/k-lago.beebox.de\/restaurant\/wp-json\/wp\/v2\/types\/page"}],"author":[{"embeddable":true,"href":"https:\/\/k-lago.beebox.de\/restaurant\/wp-json\/wp\/v2\/users\/2"}],"replies":[{"embeddable":true,"href":"https:\/\/k-lago.beebox.de\/restaurant\/wp-json\/wp\/v2\/comments?post=309"}],"version-history":[{"count":28,"href":"https:\/\/k-lago.beebox.de\/restaurant\/wp-json\/wp\/v2\/pages\/309\/revisions"}],"predecessor-version":[{"id":1275,"href":"https:\/\/k-lago.beebox.de\/restaurant\/wp-json\/wp\/v2\/pages\/309\/revisions\/1275"}],"up":[{"embeddable":true,"href":"https:\/\/k-lago.beebox.de\/restaurant\/wp-json\/wp\/v2\/pages\/65"}],"wp:attachment":[{"href":"https:\/\/k-lago.beebox.de\/restaurant\/wp-json\/wp\/v2\/media?parent=309"}],"curies":[{"name":"wp","href":"https:\/\/api.w.org\/{rel}","templated":true}]}}