{"id":17,"date":"2025-07-03T11:00:38","date_gmt":"2025-07-03T09:00:38","guid":{"rendered":"https:\/\/k-lago.beebox.de\/restaurant\/?page_id=17"},"modified":"2026-03-08T11:41:16","modified_gmt":"2026-03-08T10:41:16","slug":"lago-freiburg","status":"publish","type":"page","link":"https:\/\/k-lago.beebox.de\/restaurant\/","title":{"rendered":"Lago Freiburg"},"content":{"rendered":"\n<div class=\"et_pb_section_0 et_pb_section et_pb_fullwidth_section et_section_regular et_block_section\"><div class=\"et_pb_fullwidth_slider_0 et_pb_slider et_slider_auto et_slider_auto_ignore_hover et_slider_speed_7000 et_pb_module\"><div class=\"et_pb_slides\"><div class=\"et_pb_slide_0 et_pb_slide et_pb_slider_with_text_overlay et_pb_media_alignment_center et_pb_bg_layout_dark et_pb_text_align_center et_pb_section_parallax\" data-slide-id=\"divi\/slide-0\"><span class=\"et-pb-parallax-wrapper\"><span class=\"et-pb-parallax-background et-pb-parallax-background--css et-pb-parallax-background-module--divi-slide-0\" style=\"background-image:url(https:\/\/k-lago.beebox.de\/restaurant\/wp-content\/uploads\/2025\/07\/771A9117-Grauburgunder-B1920xH1080px.jpg)\"><\/span><\/span><div class=\"et_pb_container\"><div class=\"et_pb_slider_container_inner\"><div class=\"et_pb_slide_description\"><div class=\"et_pb_text_overlay_wrapper\"><h2 class=\"et_pb_slide_title\">Cafe \u00b7 Restaurant \u00b7 Seeterrasse<\/h2><\/div><\/div><\/div><\/div><\/div><div class=\"et_pb_slide_1 et_pb_slide db_second_more_button et_pb_slider_with_text_overlay et_pb_media_alignment_center et_pb_bg_layout_dark et_pb_text_align_center et_pb_section_parallax\" data-slide-id=\"divi\/slide-1\"><span class=\"et-pb-parallax-wrapper\"><span class=\"et-pb-parallax-background et-pb-parallax-background--css et-pb-parallax-background-module--divi-slide-1\" style=\"background-image:url(https:\/\/k-lago.beebox.de\/restaurant\/wp-content\/uploads\/2025\/07\/771A8901-Veggi-Teller-B1920xH1080px.jpg)\"><\/span><\/span><div class=\"et_pb_container\"><div class=\"et_pb_slider_container_inner\"><div class=\"et_pb_slide_description\"><div class=\"et_pb_text_overlay_wrapper\"><h2 class=\"et_pb_slide_title\">Veganes und Vegetarisches ...<\/h2><\/div><div class=\"et_pb_button_wrapper\"><a class=\"et_pb_button et_pb_more_button\" href=\"https:\/\/k-lago.beebox.de\/restaurant\/speisen-getraenke\/lago-freiburg-speisekarte\/\">Unsere Lago-Karte<\/a><a class=\"et_pb_button et_pb_more_button db_pb_button_2\" href=\"https:\/\/k-lago.beebox.de\/restaurant\/speisen-getraenke\/lago-freiburg-saisonkarte\/\">Die Saisonkarte<\/a><\/div><\/div><\/div><\/div><\/div><style>.et_pb_slide_1.db_second_more_button .et_pb_more_button{margin-left:15px;margin-right:15px;}@media only screen and ( min-width: 981px ) {.et_pb_slide_1.db_second_more_button.et_pb_slide_with_image .et_pb_more_button:first-child{margin-left:0px;}.et_pb_slide_1.db_second_more_button.et_pb_slide_with_image .et_pb_more_button:last-child{margin-right:0px;}}<\/style><div class=\"et_pb_slide_2 et_pb_slide db_second_more_button et_pb_slider_with_text_overlay et_pb_media_alignment_center et_pb_bg_layout_dark et_pb_text_align_center et_pb_section_parallax\" data-slide-id=\"divi\/slide-2\"><span class=\"et-pb-parallax-wrapper\"><span class=\"et-pb-parallax-background et-pb-parallax-background--css et-pb-parallax-background-module--divi-slide-2\" style=\"background-image:url(https:\/\/k-lago.beebox.de\/restaurant\/wp-content\/uploads\/2025\/07\/771A9144-Steak-Teller-B1920xH1080px.jpg)\"><\/span><\/span><div class=\"et_pb_container\"><div class=\"et_pb_slider_container_inner\"><div class=\"et_pb_slide_description\"><div class=\"et_pb_text_overlay_wrapper\"><h2 class=\"et_pb_slide_title\">... und auch klassische K\u00fcche<\/h2><\/div><div class=\"et_pb_button_wrapper\"><a class=\"et_pb_button et_pb_more_button\" href=\"https:\/\/k-lago.beebox.de\/restaurant\/speisen-getraenke\/lago-freiburg-speisekarte\/\">Unsere Lago-Karte<\/a><a class=\"et_pb_button et_pb_more_button db_pb_button_2\" href=\"https:\/\/k-lago.beebox.de\/restaurant\/speisen-getraenke\/lago-freiburg-saisonkarte\/\">Die Saisonkarte<\/a><\/div><\/div><\/div><\/div><\/div><style>.et_pb_slide_2.db_second_more_button .et_pb_more_button{margin-left:15px;margin-right:15px;}@media only screen and ( min-width: 981px ) {.et_pb_slide_2.db_second_more_button.et_pb_slide_with_image .et_pb_more_button:first-child{margin-left:0px;}.et_pb_slide_2.db_second_more_button.et_pb_slide_with_image .et_pb_more_button:last-child{margin-right:0px;}}<\/style><div class=\"et_pb_slide_3 et_pb_slide db_second_more_button et_pb_slider_with_text_overlay et_pb_media_alignment_center et_pb_bg_layout_dark et_pb_text_align_center et_pb_section_parallax\" data-slide-id=\"divi\/slide-3\"><span class=\"et-pb-parallax-wrapper\"><span class=\"et-pb-parallax-background et-pb-parallax-background--css et-pb-parallax-background-module--divi-slide-3\" style=\"background-image:url(https:\/\/k-lago.beebox.de\/restaurant\/wp-content\/uploads\/2025\/07\/771A8655-Schwarzwaelder-Kirsch-B1920xH1080px.jpg)\"><\/span><\/span><div class=\"et_pb_container\"><div class=\"et_pb_slider_container_inner\"><div class=\"et_pb_slide_description\"><div class=\"et_pb_text_overlay_wrapper\"><h2 class=\"et_pb_slide_title\">Gro\u00dfe Kuchen\u00adauswahl<\/h2><\/div><div class=\"et_pb_button_wrapper\"><a class=\"et_pb_button et_pb_more_button\" href=\"https:\/\/k-lago.beebox.de\/restaurant\/kontakt-anfahrt\/#sektion-reservierung\">Jetzt Platz reservieren<\/a><a class=\"et_pb_button et_pb_more_button db_pb_button_2\" href=\"https:\/\/k-lago.beebox.de\/restaurant\/speisen-getraenke\/lago-freiburg-dessert-kuchen\/\">Zur Kuchentheke<\/a><\/div><\/div><\/div><\/div><\/div><style>.et_pb_slide_3.db_second_more_button .et_pb_more_button{margin-left:15px;margin-right:15px;}@media only screen and ( min-width: 981px ) {.et_pb_slide_3.db_second_more_button.et_pb_slide_with_image .et_pb_more_button:first-child{margin-left:0px;}.et_pb_slide_3.db_second_more_button.et_pb_slide_with_image .et_pb_more_button:last-child{margin-right:0px;}}<\/style><div class=\"et_pb_slide_4 et_pb_slide et_pb_slider_with_text_overlay et_pb_media_alignment_center et_pb_bg_layout_dark et_pb_text_align_center et_pb_section_parallax\" data-slide-id=\"divi\/slide-4\"><span class=\"et-pb-parallax-wrapper\"><span class=\"et-pb-parallax-background et-pb-parallax-background--css et-pb-parallax-background-module--divi-slide-4\" style=\"background-image:url(https:\/\/k-lago.beebox.de\/restaurant\/wp-content\/uploads\/2025\/07\/771A9217-Erdbeer-Dessert-Capuchino-B1920xH1080px.jpg)\"><\/span><\/span><div class=\"et_pb_container\"><div class=\"et_pb_slider_container_inner\"><div class=\"et_pb_slide_description\"><div class=\"et_pb_text_overlay_wrapper\"><h2 class=\"et_pb_slide_title\"><a href=\"https:\/\/k-lago.beebox.de\/restaurant\/speisen-getraenke\/lago-freiburg-dessert-kuchen\/\" target=\"\" class=\"et_pb_slide_title_link\">... oder lieber ein Dessert?<\/a><\/h2><\/div><div class=\"et_pb_button_wrapper\"><a class=\"et_pb_button et_pb_more_button\" href=\"https:\/\/k-lago.beebox.de\/restaurant\/speisen-getraenke\/lago-freiburg-dessert-kuchen\/\">Unser Dessert-Angebot<\/a><\/div><\/div><\/div><\/div><\/div><div class=\"et_pb_slide_5 et_pb_slide et_pb_slider_with_text_overlay et_pb_media_alignment_center et_pb_bg_layout_dark et_pb_text_align_center et_pb_section_parallax\" data-slide-id=\"divi\/slide-5\"><span class=\"et-pb-parallax-wrapper\"><span class=\"et-pb-parallax-background et-pb-parallax-background--css et-pb-parallax-background-module--divi-slide-5\" style=\"background-image:url(https:\/\/k-lago.beebox.de\/restaurant\/wp-content\/uploads\/2025\/07\/Pexels-7919627-Papa-Tochter-zeigen-Zunge-Kampus-Production-B1920xH1080px.jpg)\"><\/span><\/span><div class=\"et_pb_container\"><div class=\"et_pb_slider_container_inner\"><div class=\"et_pb_slide_description\"><div class=\"et_pb_text_overlay_wrapper\"><h2 class=\"et_pb_slide_title\"><a href=\"https:\/\/k-lago.beebox.de\/restaurant\/speisen-getraenke\/lago-freiburg-kinderkarte\/\" target=\"\" class=\"et_pb_slide_title_link\">Lago: F\u00fcr Gro\u00df und Klein.<\/a><\/h2><\/div><div class=\"et_pb_button_wrapper\"><a class=\"et_pb_button et_pb_more_button\" href=\"https:\/\/k-lago.beebox.de\/restaurant\/speisen-getraenke\/lago-freiburg-kinderkarte\/\">zur Kinderkarte<\/a><\/div><\/div><\/div><\/div><\/div><\/div><\/div><\/div><div class=\"et_pb_section_1 et_pb_section et_section_regular et_block_section\"><div class=\"et_pb_row_0 et_pb_row et_pb_gutters4 et_block_row\"><div class=\"et_pb_column_0 et_pb_column et_pb_column_3_5 et_block_column et_pb_css_mix_blend_mode_passthrough\"><div class=\"et_pb_text_0 et_pb_text et_pb_bg_layout_light et_pb_module et_block_module\"><div class=\"et_pb_text_inner\"><p><strong>Liebe G\u00e4ste,<\/strong><\/p>\n<p>jeder Mensch sollte neben seinem Zuhause und seiner Arbeit noch einen weiteren Ort haben, um einfach seine Seele baumeln zu lassen \u2013 nur zum Wohlf\u00fchlen und ohne Verpflichtungen. Deshalb suchen alle ihr Lieblingscaf\u00e9 oder Restaurant. Dieser Ort sind wir seit \u00fcber 20 Jahren f\u00fcr viele unserer G\u00e4ste und damit f\u00fcr viele das gro\u00dfe Wohnzimmer mit dem fantastischen Blick auf den Fl\u00fcckigersee (Seepark).<\/p>\n<p>F\u00fcr einige sind wir auch der ideale Treffpunkt \u2013 beispielsweise nach einer Radtour, nach einer Veranstaltung im benachbarten B\u00fcrgerhaus oder, um in lockerer Runde gemeinsam etwas zu besprechen. F\u00fcr andere wiederum sind wir der Ort f\u00fcr das perfekte Rendevouz. Denn alle verbinden etwas ganz Eigenes mit dem Lago.<\/p>\n<p>An dieser Stelle gilt unseren tollen G\u00e4sten ein gro\u00dfes Dankesch\u00f6n f\u00fcr die teils langj\u00e4hrige Treue. Ohne euch w\u00e4re dieser sch\u00f6ne Ort nicht m\u00f6glich. Wir freuen uns auf Ihren Besuch.<\/p>\n<p><strong>Eure<\/strong><br \/><strong>Sonja Schmidt &amp; das ganze Lago-Team<\/strong><\/p>\n<\/div><\/div><?xml version=\"1.0\" encoding=\"UTF-8\"?><div class=\"et_pb_module et_d4_element et_pb_image et_pb_image_0 et_animated et-waypoint\">\n\t\t\t\t\n\t\t\t\t\n\t\t\t\t\n\t\t\t\t\n\t\t\t\t<a href=\"https:\/\/k-lago.beebox.de\/restaurant\/wp-content\/uploads\/2025\/07\/771A8301-Lago-Blick-auf-See-und-Tempelchen-B1920xH1080px.jpg\" class=\"et_pb_lightbox_image\" title='Blick vom Lago auf den Fl&uuml;ckigersee und das \"Tempelchen\" im Seepark'><span class=\"et_pb_image_wrap \"><img loading=\"lazy\" decoding=\"async\" width=\"1920\" height=\"1080\" src=\"https:\/\/k-lago.beebox.de\/restaurant\/wp-content\/uploads\/2025\/07\/771A8301-Lago-Blick-auf-See-und-Tempelchen-B1920xH1080px.jpg\" alt='Blick vom Lago auf den Fl&uuml;ckigersee und das \"Tempelchen\" im Seepark' title='Blick vom Lago auf den Fl&uuml;ckigersee und das \"Tempelchen\" im Seepark' srcset=\"https:\/\/k-lago.beebox.de\/restaurant\/wp-content\/uploads\/2025\/07\/771A8301-Lago-Blick-auf-See-und-Tempelchen-B1920xH1080px.jpg 1920w, https:\/\/k-lago.beebox.de\/restaurant\/wp-content\/uploads\/2025\/07\/771A8301-Lago-Blick-auf-See-und-Tempelchen-B1920xH1080px-1280x720.jpg 1280w, https:\/\/k-lago.beebox.de\/restaurant\/wp-content\/uploads\/2025\/07\/771A8301-Lago-Blick-auf-See-und-Tempelchen-B1920xH1080px-980x551.jpg 980w, https:\/\/k-lago.beebox.de\/restaurant\/wp-content\/uploads\/2025\/07\/771A8301-Lago-Blick-auf-See-und-Tempelchen-B1920xH1080px-480x270.jpg 480w\" sizes=\"(min-width: 0px) and (max-width: 480px) 480px, (min-width: 481px) and (max-width: 980px) 980px, (min-width: 981px) and (max-width: 1280px) 1280px, (min-width: 1281px) 1920px, 100vw\" class=\"wp-image-1009\"><\/span><\/a>\n\t\t\t<div id=\"pac_dih__image_details_0\" class=\"pac_dih__image_details\"><p id=\"pac_dih__description_0\" class=\"pac_dih__description\">Blick vom Lago auf den Fl&uuml;ckigersee und das \"Tempelchen\" im Seepark<\/p><\/div><\/div>\n<\/div><div class=\"et_pb_column_1 et_pb_column et_pb_column_2_5 et-last-child et_block_column et_pb_css_mix_blend_mode_passthrough\"><?xml version=\"1.0\" encoding=\"UTF-8\"?><div class=\"et_pb_module et_d4_element et_pb_image et_pb_image_1 et_animated et-waypoint\">\n\t\t\t\t\n\t\t\t\t\n\t\t\t\t\n\t\t\t\t\n\t\t\t\t<a href=\"https:\/\/k-lago.beebox.de\/restaurant\/wp-content\/uploads\/2025\/07\/DJI_0121-Lago-Seeblick-mit-Buehne-B1920xH1080px.jpg\" class=\"et_pb_lightbox_image\" title=\"Blick vom Fl&uuml;ckigersee auf das Lago, das B&uuml;rgerhaus und die Seeb&uuml;hne\"><span class=\"et_pb_image_wrap \"><img loading=\"lazy\" decoding=\"async\" width=\"1920\" height=\"1080\" src=\"https:\/\/k-lago.beebox.de\/restaurant\/wp-content\/uploads\/2025\/07\/DJI_0121-Lago-Seeblick-mit-Buehne-B1920xH1080px.jpg\" alt=\"Blick vom Fl&uuml;ckigersee auf das Lago, das B&uuml;rgerhaus und die Seeb&uuml;hne\" title=\"Blick vom Fl&uuml;ckigersee auf das Lago, das B&uuml;rgerhaus und die Seeb&uuml;hne\" srcset=\"https:\/\/k-lago.beebox.de\/restaurant\/wp-content\/uploads\/2025\/07\/DJI_0121-Lago-Seeblick-mit-Buehne-B1920xH1080px.jpg 1920w, https:\/\/k-lago.beebox.de\/restaurant\/wp-content\/uploads\/2025\/07\/DJI_0121-Lago-Seeblick-mit-Buehne-B1920xH1080px-1280x720.jpg 1280w, https:\/\/k-lago.beebox.de\/restaurant\/wp-content\/uploads\/2025\/07\/DJI_0121-Lago-Seeblick-mit-Buehne-B1920xH1080px-980x551.jpg 980w, https:\/\/k-lago.beebox.de\/restaurant\/wp-content\/uploads\/2025\/07\/DJI_0121-Lago-Seeblick-mit-Buehne-B1920xH1080px-480x270.jpg 480w\" sizes=\"(min-width: 0px) and (max-width: 480px) 480px, (min-width: 481px) and (max-width: 980px) 980px, (min-width: 981px) and (max-width: 1280px) 1280px, (min-width: 1281px) 1920px, 100vw\" class=\"wp-image-1048\"><\/span><\/a>\n\t\t\t<div id=\"pac_dih__image_details_1\" class=\"pac_dih__image_details\"><p id=\"pac_dih__description_1\" class=\"pac_dih__description\">Blick vom Fl&uuml;ckigersee auf das Lago, das B&uuml;rgerhaus und die Seeb&uuml;hne<\/p><\/div><\/div>\n<div class=\"et_pb_module et_pb_button_module_wrapper et_pb_button_0_wrapper preset--module--divi-button--default_wrapper\"><a class=\"et_pb_button_0 et_pb_button et_pb_bg_layout_light et_animated et_pb_module et_block_module preset--module--divi-button--default\" href=\"https:\/\/k-lago.beebox.de\/restaurant\/kontakt-anfahrt\/#sektion-reservierung\">Tisch reservieren<\/a><\/div><div class=\"et_pb_text_1 et_pb_text et_pb_bg_layout_light et_pb_module et_block_module\"><div class=\"et_pb_text_inner\"><p><strong>Bitte beachten Sie:<\/strong><\/p>\n<ul>\n<li>Im Au\u00dfenbereich nehmen wir keine Reservierungen vor.<\/li>\n<li>Hunde sind aus R\u00fccksichtnahme auf Allergiker, Kinder usw. im Innenbereich leider nicht gestattet.<\/li>\n<\/ul>\n<p>Wir danken f\u00fcr Ihr Verst\u00e4ndnis.<\/p>\n<\/div><\/div><\/div><\/div><\/div>\n","protected":false},"excerpt":{"rendered":"","protected":false},"author":2,"featured_media":0,"parent":0,"menu_order":2,"comment_status":"closed","ping_status":"closed","template":"","meta":{"_seopress_robots_primary_cat":"","_seopress_titles_title":"","_seopress_titles_desc":"","_seopress_robots_index":"","_seopress_analysis_target_kw":"","_et_pb_use_builder":"on","_et_pb_old_content":"","_et_gb_content_width":"","footnotes":""},"class_list":["post-17","page","type-page","status-publish","hentry"],"dsm_author":{"name":"Danny","avatar_url":"https:\/\/secure.gravatar.com\/avatar\/2e44fae07d5f2b8121259c17704a53eaf8d96f8465b91dc2c82bfe3dec0dc975?s=96&d=mm&r=g","archive_link":"https:\/\/k-lago.beebox.de\/restaurant\/author\/bbxadmin\/","biodata":""},"dsm_categories":[],"dsm_attachment_categories":[],"dsm_featured_image":null,"dsm_comment_count":0,"_links":{"self":[{"href":"https:\/\/k-lago.beebox.de\/restaurant\/wp-json\/wp\/v2\/pages\/17","targetHints":{"allow":["GET"]}}],"collection":[{"href":"https:\/\/k-lago.beebox.de\/restaurant\/wp-json\/wp\/v2\/pages"}],"about":[{"href":"https:\/\/k-lago.beebox.de\/restaurant\/wp-json\/wp\/v2\/types\/page"}],"author":[{"embeddable":true,"href":"https:\/\/k-lago.beebox.de\/restaurant\/wp-json\/wp\/v2\/users\/2"}],"replies":[{"embeddable":true,"href":"https:\/\/k-lago.beebox.de\/restaurant\/wp-json\/wp\/v2\/comments?post=17"}],"version-history":[{"count":121,"href":"https:\/\/k-lago.beebox.de\/restaurant\/wp-json\/wp\/v2\/pages\/17\/revisions"}],"predecessor-version":[{"id":1268,"href":"https:\/\/k-lago.beebox.de\/restaurant\/wp-json\/wp\/v2\/pages\/17\/revisions\/1268"}],"wp:attachment":[{"href":"https:\/\/k-lago.beebox.de\/restaurant\/wp-json\/wp\/v2\/media?parent=17"}],"curies":[{"name":"wp","href":"https:\/\/api.w.org\/{rel}","templated":true}]}}